{"id":3920,"date":"2024-10-26T17:31:36","date_gmt":"2024-10-26T14:31:36","guid":{"rendered":"https:\/\/areltrailer.com\/military-defence-lowbed-auflieger\/"},"modified":"2026-01-05T00:10:02","modified_gmt":"2026-01-04T21:10:02","slug":"military-defence-lowbed-auflieger","status":"publish","type":"page","link":"https:\/\/areltrailer.com\/de\/military-defence-lowbed-auflieger\/","title":{"rendered":"MILITARY\/DEFENCE LOWBED Auflieger"},"content":{"rendered":"<div class=\"wpb-content-wrapper\"><p>[vc_row][vc_column][vc_empty_space][\/vc_column][\/vc_row][vc_row full_width=&#8220;stretch_row_content&#8220;][vc_column width=&#8220;1\/2&#8243; css=&#8220;.vc_custom_1727805812339{border-right-width: 1px !important;border-right-style: solid !important;border-color: #2D506F4D !important;}&#8220;][vc_column_text css=&#8220;&#8220;]<a href=\"https:\/\/areltrailer.com\/de\/military-defence-lowbed-auflieger\/\">Military\/Defence Lowbed Auflieger<\/a>, MILITARY\/DEFENCE LOWBED Auflieger are designed for Transport von schwere und \u00fcbergro\u00dfe Ladungen; <a href=\"https:\/\/areltrailer.com\/de\/military-defence-lowbed-auflieger\/\">Tank carrier Anh\u00e4nger<\/a> , apc tank Anh\u00e4nger , army Auflieger, military transport, panzer transport. They have a geringe Bodenfreiheit to accommodate tall loads and often feature a drop deck design to lower the center of gravity, enhancing stability during transport. Here are the typical specifications for lowbed Auflieger:<\/p>\n<ul>\n<li><strong> Kundenspezifisches Design<\/strong><\/li>\n<li><strong>Herstellung in Sondergr\u00f6\u00dfen and type according to your demand<\/strong><\/li>\n<li><strong>hydraulische Lenkung systems ( optional )<\/strong><\/li>\n<li><strong>Self Lenkachse systems Achsen <\/strong><\/li>\n<li><strong>Ausziehbar ( optional )<\/strong><\/li>\n<\/ul>\n<ul>\n<li>Anzahl der Achsen: 2-3-4-5-6-8-BOGIE Achse<\/li>\n<li>Achsenmarke : \u00a0\u00a0\u00a0\u00a0\u00a0\u00a0\u00a0\u00a0\u00a0 SAF &#8211; BPW &#8211; MPD -TRAX &#8211;\u00a0 OSMAN KOC<\/li>\n<li>Achslast : 12 \u2013 14 \u2013 16 ton<\/li>\n<\/ul>\n<ul>\n<li>R\u00e4der : (245\/70-17,5)\u00a0 \u00a0 (235\/75-19,5)\u00a0 \u00a0(275\/70-22,5)\u00a0 \u00a0(12 R-22,5)<\/li>\n<li>Federung : AIR , MECHANICAL , HYDRAULIC<\/li>\n<li>Au\u00dfenl\u00e4nge : 11.500\u00a0\u00a0\u2013 15.000 mm<\/li>\n<li>Plattform Length : 8.000 \u2013 12.500 mm<\/li>\n<li>Plattform Width : 2.500 + 600 mm \u2013 3.500 + 600 mm ( Width \/ Side Extensions )<\/li>\n<li>Plattform Height : 700 mm \u2013 1100 mm<\/li>\n<li>Ausziehbar Plattform : +3.000 mm \/ + 14.000 mm<\/li>\n<li>Bremssysteme : EBS or ABS\u00a0 &#8212; WABCO &#8211; KNORR BREMSE &#8211; HALDEX<\/li>\n<li>Einzel \u2013 Doppel (Klappbar) hydraulische Rampensysteme<\/li>\n<li>Farben : Kundenwunsch\u00a0\u00a0RAL-Codes<\/li>\n<li>Elektrisches System Sa-Ba, Asp\u00f6ck<\/li>\n<\/ul>\n<p>[\/vc_column_text][\/vc_column][vc_column width=&#8220;1\/2&#8243;][vc_row_inner][vc_column_inner width=&#8220;1\/2&#8243;][vc_single_image image=&#8220;2759&#8243; img_size=&#8220;full&#8220; style=&#8220;vc_box_rounded&#8220; onclick=&#8220;link_image&#8220; css=&#8220;&#8220;][\/vc_column_inner][vc_column_inner width=&#8220;1\/2&#8243;][vc_single_image image=&#8220;2758&#8243; img_size=&#8220;full&#8220; style=&#8220;vc_box_rounded&#8220; onclick=&#8220;link_image&#8220; css=&#8220;&#8220;][\/vc_column_inner][\/vc_row_inner][\/vc_column][vc_column width=&#8220;1\/2&#8243;][vc_single_image image=&#8220;2760&#8243; img_size=&#8220;full&#8220; style=&#8220;vc_box_rounded&#8220; onclick=&#8220;link_image&#8220; css=&#8220;&#8220;][\/vc_column][\/vc_row][vc_row][vc_column][vc_empty_space][\/vc_column][\/vc_row]<\/p>\n<\/div>","protected":false},"excerpt":{"rendered":"<p>[vc_row][vc_column][vc_empty_space][\/vc_column][\/vc_row][vc_row full_width=&#8220;stretch_row_content&#8220;][vc_column width=&#8220;1\/2&#8243; css=&#8220;.vc_custom_1727805812339{border-right-width: 1px !important;border-right-style: solid !important;border-color: #2D506F4D !important;}&#8220;][vc_column_text css=&#8220;&#8220;]Military\/Defence Lowbed Auflieger, MILITARY\/DEFENCE LOWBED Auflieger are designed for Transport von schwere und \u00fcbergro\u00dfe Ladungen; Tank carrier Anh\u00e4nger , apc tank Anh\u00e4nger , army Auflieger, military transport, panzer transport. They have a geringe Bodenfreiheit to accommodate tall loads and often feature a drop deck design [&hellip;]<\/p>\n","protected":false},"author":1,"featured_media":0,"parent":0,"menu_order":0,"comment_status":"closed","ping_status":"closed","template":"","meta":{"footnotes":""},"class_list":["post-3920","page","type-page","status-publish","hentry"],"aioseo_notices":[],"_links":{"self":[{"href":"https:\/\/areltrailer.com\/de\/wp-json\/wp\/v2\/pages\/3920","targetHints":{"allow":["GET"]}}],"collection":[{"href":"https:\/\/areltrailer.com\/de\/wp-json\/wp\/v2\/pages"}],"about":[{"href":"https:\/\/areltrailer.com\/de\/wp-json\/wp\/v2\/types\/page"}],"author":[{"embeddable":true,"href":"https:\/\/areltrailer.com\/de\/wp-json\/wp\/v2\/users\/1"}],"replies":[{"embeddable":true,"href":"https:\/\/areltrailer.com\/de\/wp-json\/wp\/v2\/comments?post=3920"}],"version-history":[{"count":3,"href":"https:\/\/areltrailer.com\/de\/wp-json\/wp\/v2\/pages\/3920\/revisions"}],"predecessor-version":[{"id":4198,"href":"https:\/\/areltrailer.com\/de\/wp-json\/wp\/v2\/pages\/3920\/revisions\/4198"}],"wp:attachment":[{"href":"https:\/\/areltrailer.com\/de\/wp-json\/wp\/v2\/media?parent=3920"}],"curies":[{"name":"wp","href":"https:\/\/api.w.org\/{rel}","templated":true}]}}