{"id":3957,"date":"2024-10-21T23:11:17","date_gmt":"2024-10-21T20:11:17","guid":{"rendered":"https:\/\/areltrailer.com\/6-achs-tieflader\/"},"modified":"2026-01-05T00:10:03","modified_gmt":"2026-01-04T21:10:03","slug":"6-achs-tieflader","status":"publish","type":"page","link":"https:\/\/areltrailer.com\/de\/6-achs-tieflader\/","title":{"rendered":"6-ACHS-TIEFLADER"},"content":{"rendered":"<div class=\"wpb-content-wrapper\"><p>[vc_row][vc_column][vc_empty_space][\/vc_column][\/vc_row][vc_row full_width=&#8220;stretch_row_content&#8220;][vc_column width=&#8220;1\/2&#8243; css=&#8220;.vc_custom_1727805812339{border-right-width: 1px !important;border-right-style: solid !important;border-color: #2D506F4D !important;}&#8220;][vc_column_text css=&#8220;&#8220;]<a href=\"https:\/\/areltrailer.com\/de\/6-achs-tieflader\/\">Lowbed Auflieger<\/a>, 6-ACHS-TIEFLADER also known as <a href=\"https:\/\/areltrailer.com\/de\/6-achs-tieflader\/\">Tieflader<\/a>, are designed for Transport von schwere und \u00fcbergro\u00dfe Ladungen that are too large or too heavy for standard Anh\u00e4ngers. They have a geringe Bodenfreiheit to accommodate tall loads and often feature a drop deck design to lower the center of gravity, enhancing stability during transport. Here are the typical specifications for lowbed Auflieger:<\/p>\n<ul>\n<li><strong> Kundenspezifisches Design<\/strong><\/li>\n<li><strong>Herstellung in Sondergr\u00f6\u00dfen and type according to your demand<\/strong><\/li>\n<li><strong>hydraulische Lenkung systems ( optional )<\/strong><\/li>\n<li><strong>Self Lenkachse systems Achsen <\/strong><\/li>\n<li><strong>Ausziehbar ( optional )<\/strong><\/li>\n<\/ul>\n<p><strong>\u00a0<\/strong><\/p>\n<ul>\n<li>Anzahl der Achsen: 2-3-4-5-6-8-BOGIE Achse<\/li>\n<li>Achsenmarke : \u00a0\u00a0\u00a0\u00a0\u00a0\u00a0\u00a0\u00a0\u00a0 SAF &#8211; BPW &#8211; MPD -TRAX &#8211; \u00a0OSMAN KOC &#8211; RELAX<\/li>\n<li>Achslast : 12 \u2013 14 \u2013 16 ton<\/li>\n<\/ul>\n<ul>\n<li>R\u00e4der : (245\/70-17,5)\u00a0 \u00a0 (235\/75-19,5)\u00a0 \u00a0(275\/70-22,5)\u00a0 \u00a0(12 R-22,5)<\/li>\n<li>Federung : AIR , MECHANICAL , HYDRAULIC<\/li>\n<li>Au\u00dfenl\u00e4nge : 11.500\u00a0\u00a0\u2013 15.000 mm<\/li>\n<li>Plattform Length : 8.000 \u2013 12.500 mm<\/li>\n<li>Plattform Width : 2.500 + 600 mm \u2013 3.500 + 600 mm ( Width \/ Side Extensions )<\/li>\n<li>Plattform Height : 700 mm \u2013 1100 mm<\/li>\n<li>Ausziehbar Plattform : +3.000 mm \/ + 14.000 mm<\/li>\n<li>Bremssysteme : EBS or ABS\u00a0 &#8212; WABCO &#8211; KNORR BREMSE &#8211; HALDEX<\/li>\n<li>Einzel \u2013 Doppel (Klappbar) hydraulische Rampensysteme<\/li>\n<li>Farben : Kundenwunsch\u00a0\u00a0RAL-Codes<\/li>\n<\/ul>\n<ul>\n<li>Elektrisches System Sa-Ba, Asp\u00f6ck<\/li>\n<\/ul>\n<p>[\/vc_column_text][\/vc_column][vc_column width=&#8220;1\/2&#8243;][vc_row_inner][vc_column_inner width=&#8220;1\/2&#8243;][vc_single_image image=&#8220;2676&#8243; img_size=&#8220;full&#8220; style=&#8220;vc_box_rounded&#8220; onclick=&#8220;link_image&#8220; css=&#8220;&#8220;][\/vc_column_inner][vc_column_inner width=&#8220;1\/2&#8243;][vc_single_image image=&#8220;2674&#8243; img_size=&#8220;full&#8220; style=&#8220;vc_box_rounded&#8220; onclick=&#8220;link_image&#8220; css=&#8220;&#8220;][\/vc_column_inner][\/vc_row_inner][\/vc_column][vc_column width=&#8220;1\/2&#8243;][vc_single_image image=&#8220;2675&#8243; img_size=&#8220;full&#8220; style=&#8220;vc_box_rounded&#8220; onclick=&#8220;link_image&#8220; css=&#8220;&#8220;][\/vc_column][\/vc_row][vc_row][vc_column][vc_empty_space][\/vc_column][\/vc_row]<\/p>\n<\/div>","protected":false},"excerpt":{"rendered":"<p>[vc_row][vc_column][vc_empty_space][\/vc_column][\/vc_row][vc_row full_width=&#8220;stretch_row_content&#8220;][vc_column width=&#8220;1\/2&#8243; css=&#8220;.vc_custom_1727805812339{border-right-width: 1px !important;border-right-style: solid !important;border-color: #2D506F4D !important;}&#8220;][vc_column_text css=&#8220;&#8220;]Lowbed Auflieger, 6-ACHS-TIEFLADER also known as Tieflader, are designed for Transport von schwere und \u00fcbergro\u00dfe Ladungen that are too large or too heavy for standard Anh\u00e4ngers. They have a geringe Bodenfreiheit to accommodate tall loads and often feature a drop deck design to lower the [&hellip;]<\/p>\n","protected":false},"author":1,"featured_media":0,"parent":0,"menu_order":0,"comment_status":"closed","ping_status":"closed","template":"","meta":{"footnotes":""},"class_list":["post-3957","page","type-page","status-publish","hentry"],"aioseo_notices":[],"_links":{"self":[{"href":"https:\/\/areltrailer.com\/de\/wp-json\/wp\/v2\/pages\/3957","targetHints":{"allow":["GET"]}}],"collection":[{"href":"https:\/\/areltrailer.com\/de\/wp-json\/wp\/v2\/pages"}],"about":[{"href":"https:\/\/areltrailer.com\/de\/wp-json\/wp\/v2\/types\/page"}],"author":[{"embeddable":true,"href":"https:\/\/areltrailer.com\/de\/wp-json\/wp\/v2\/users\/1"}],"replies":[{"embeddable":true,"href":"https:\/\/areltrailer.com\/de\/wp-json\/wp\/v2\/comments?post=3957"}],"version-history":[{"count":2,"href":"https:\/\/areltrailer.com\/de\/wp-json\/wp\/v2\/pages\/3957\/revisions"}],"predecessor-version":[{"id":4166,"href":"https:\/\/areltrailer.com\/de\/wp-json\/wp\/v2\/pages\/3957\/revisions\/4166"}],"wp:attachment":[{"href":"https:\/\/areltrailer.com\/de\/wp-json\/wp\/v2\/media?parent=3957"}],"curies":[{"name":"wp","href":"https:\/\/api.w.org\/{rel}","templated":true}]}}