{"id":4037,"date":"2024-10-17T00:00:36","date_gmt":"2024-10-16T21:00:36","guid":{"rendered":"https:\/\/areltrailer.com\/getreide-trichter-auflieger\/"},"modified":"2026-01-05T00:10:05","modified_gmt":"2026-01-04T21:10:05","slug":"getreide-trichter-auflieger","status":"publish","type":"page","link":"https:\/\/areltrailer.com\/de\/getreide-trichter-auflieger\/","title":{"rendered":"GETREIDE-TRICHTER-AUFLIEGER"},"content":{"rendered":"<div class=\"wpb-content-wrapper\"><p>[vc_row][vc_column][vc_empty_space][\/vc_column][\/vc_row][vc_row full_width=&#8220;stretch_row_content&#8220;][vc_column width=&#8220;1\/2&#8243; css=&#8220;.vc_custom_1727805812339{border-right-width: 1px !important;border-right-style: solid !important;border-color: #2D506F4D !important;}&#8220;][vc_column_text css=&#8220;&#8220;]<strong>Hopper Anh\u00e4nger for Grain Transportation<\/strong><\/p>\n<p>The <a href=\"https:\/\/areltrailer.com\/de\/getreide-trichter-auflieger\/\"><strong>Getreide-Trichter-Auflieger<\/strong> \u00a0<\/a> Getreide-Trichter-Auflieger is an essential piece of equipment designed specifically for the efficient and reliable transportation of grain. Engineered with precision and built to withstand the demands of agricultural logistics, this Anh\u00e4nger ensures smooth and secure handling of bulk grain products from farms to processing facilities.<\/p>\n<p>Bottom dump Anh\u00e4ngers with aluminum and steel hopper (also called bottom dump train Anh\u00e4ngers, belly dump Anh\u00e4ngers, clam dump Anh\u00e4ngers, hopper bottom Anh\u00e4nger, grain Anh\u00e4ngers and hopper Anh\u00e4ngers) is . It can also be used to transport small crystalline bulk cargoes or all kinds of grains and other Materials such as wheat, corn, potatoes, gluten, straw cubes, gravel and limestone.<\/p>\n<p>&nbsp;<\/p>\n<ul>\n<li>Kundenspezifisches Design<\/li>\n<li>Herstellung in Sondergr\u00f6\u00dfen and type according to your demand<\/li>\n<li>Self Lenkachse systems Achsen<\/li>\n<\/ul>\n<p>&nbsp;<\/p>\n<ul>\n<li>Anzahl der Achsen: 2-3-4-5-6<\/li>\n<li>Achsenmarke : \u00a0\u00a0\u00a0\u00a0\u00a0\u00a0\u00a0\u00a0\u00a0 SAF &#8211; BPW &#8211; MPD -TRAX &#8211;\u00a0 OSMAN KOC &#8211; RELAX<\/li>\n<li>Achslast : 12 \u2013 14 \u2013 16 ton<\/li>\n<li>R\u00e4der : (245\/70-17,5) (385\/65-R22,5)\u00a0\u00a0 (12 R-22,5)<\/li>\n<li>Federung : AIR , MECHANICAL<\/li>\n<li>Bremssysteme : EBS or ABS &#8212; WABCO &#8211; KNORR BREMSE &#8211; HALDEX<\/li>\n<li>Farben : Kundenwunsch\u00a0 RAL-Codes<\/li>\n<li>Elektrisches System Sa-Ba, Asp\u00f6ck<\/li>\n<\/ul>\n<p>[\/vc_column_text][\/vc_column][vc_column width=&#8220;1\/2&#8243;][vc_row_inner][vc_column_inner width=&#8220;1\/2&#8243;][vc_single_image image=&#8220;2554&#8243; img_size=&#8220;full&#8220; style=&#8220;vc_box_rounded&#8220; onclick=&#8220;link_image&#8220; css=&#8220;&#8220;][\/vc_column_inner][vc_column_inner width=&#8220;1\/2&#8243;][vc_single_image image=&#8220;2555&#8243; img_size=&#8220;full&#8220; style=&#8220;vc_box_rounded&#8220; onclick=&#8220;link_image&#8220; css=&#8220;&#8220;][\/vc_column_inner][\/vc_row_inner][\/vc_column][vc_column width=&#8220;1\/2&#8243;][vc_single_image image=&#8220;2556&#8243; img_size=&#8220;full&#8220; style=&#8220;vc_box_rounded&#8220; onclick=&#8220;link_image&#8220; css=&#8220;&#8220;][\/vc_column][\/vc_row][vc_row][vc_column][vc_empty_space][\/vc_column][\/vc_row]<\/p>\n<\/div>","protected":false},"excerpt":{"rendered":"<p>[vc_row][vc_column][vc_empty_space][\/vc_column][\/vc_row][vc_row full_width=&#8220;stretch_row_content&#8220;][vc_column width=&#8220;1\/2&#8243; css=&#8220;.vc_custom_1727805812339{border-right-width: 1px !important;border-right-style: solid !important;border-color: #2D506F4D !important;}&#8220;][vc_column_text css=&#8220;&#8220;]Hopper Anh\u00e4nger for Grain Transportation The Getreide-Trichter-Auflieger \u00a0 Getreide-Trichter-Auflieger is an essential piece of equipment designed specifically for the efficient and reliable transportation of grain. Engineered with precision and built to withstand the demands of agricultural logistics, this Anh\u00e4nger ensures smooth and secure handling of [&hellip;]<\/p>\n","protected":false},"author":1,"featured_media":0,"parent":0,"menu_order":0,"comment_status":"closed","ping_status":"closed","template":"","meta":{"footnotes":""},"class_list":["post-4037","page","type-page","status-publish","hentry"],"aioseo_notices":[],"_links":{"self":[{"href":"https:\/\/areltrailer.com\/de\/wp-json\/wp\/v2\/pages\/4037","targetHints":{"allow":["GET"]}}],"collection":[{"href":"https:\/\/areltrailer.com\/de\/wp-json\/wp\/v2\/pages"}],"about":[{"href":"https:\/\/areltrailer.com\/de\/wp-json\/wp\/v2\/types\/page"}],"author":[{"embeddable":true,"href":"https:\/\/areltrailer.com\/de\/wp-json\/wp\/v2\/users\/1"}],"replies":[{"embeddable":true,"href":"https:\/\/areltrailer.com\/de\/wp-json\/wp\/v2\/comments?post=4037"}],"version-history":[{"count":2,"href":"https:\/\/areltrailer.com\/de\/wp-json\/wp\/v2\/pages\/4037\/revisions"}],"predecessor-version":[{"id":4184,"href":"https:\/\/areltrailer.com\/de\/wp-json\/wp\/v2\/pages\/4037\/revisions\/4184"}],"wp:attachment":[{"href":"https:\/\/areltrailer.com\/de\/wp-json\/wp\/v2\/media?parent=4037"}],"curies":[{"name":"wp","href":"https:\/\/api.w.org\/{rel}","templated":true}]}}