{"id":3337,"date":"2025-02-25T17:56:11","date_gmt":"2025-02-25T14:56:11","guid":{"rendered":"https:\/\/areltrailer.com\/semi-remorque-benne-a-4-essieux\/"},"modified":"2025-10-29T19:27:47","modified_gmt":"2025-10-29T16:27:47","slug":"semi-remorque-benne-a-4-essieux","status":"publish","type":"page","link":"https:\/\/areltrailer.com\/fr\/semi-remorque-benne-a-4-essieux\/","title":{"rendered":"SEMI-REMORQUE BENNE \u00c0 4 ESSIEUX"},"content":{"rendered":"<div class=\"wpb-content-wrapper\"><p>[vc_row][vc_column][vc_empty_space][\/vc_column][\/vc_row][vc_row full_width=\u00a0\u00bbstretch_row_content\u00a0\u00bb][vc_column width=\u00a0\u00bb1\/2&Prime; css=\u00a0\u00bb.vc_custom_1727805812339{border-right-width: 1px !important;border-right-style: solid !important;border-color: #2D506F4D !important;}\u00a0\u00bb][vc_column_text css=\u00a0\u00bb\u00a0\u00bb]<strong>Semi-remorques benne \u00e0 4 essieux<\/strong><\/p>\n<p>La <a href=\"https:\/\/areltrailer.com\/fr\/semi-remorque-benne-a-4-essieux\/\"><strong>semi-remorque benne \u00e0 4 essieux<\/strong><\/a> est un v\u00e9hicule robuste con\u00e7u sp\u00e9cifiquement pour le transport et le d\u00e9chargement efficaces de grands volumes de roche, de gravier et d&rsquo;autres mat\u00e9riaux en vrac. Con\u00e7ue pour r\u00e9sister aux conditions exigeantes des carri\u00e8res et des chantiers de construction, cette remorque allie durabilit\u00e9 et fonctionnalit\u00e9 pour garantir une performance fiable dans des environnements difficiles.<\/p>\n<p><strong>\u00a0\u00a0\u00a0\u00a0\u00a0\u00a0\u00a0\u00a0\u00a0 Utilisation<\/strong>:\u00a0\u00a0\u00a0\u00a0\u00a0\u00a0\u00a0\u00a0\u00a0\u00a0 Terre, D\u00e9molition, Asphalte, Gravier, Grosses roches, Argile, Petites roches, Boues, Sable<\/p>\n<p>&nbsp;<\/p>\n<ul>\n<li><strong> Conception personnalis\u00e9e<\/strong><\/li>\n<li><strong> Volume : 40 m\u00b3 &#8211; 85 m\u00b3<\/strong><\/li>\n<li><strong> Mat\u00e9riau : HARDOX 450 -TUF 500, DOMEX S700MC, S355JR<\/strong><\/li>\n<li><strong> Fabrication de taille et de type sp\u00e9ciaux selon votre demande<\/strong><\/li>\n<li><strong> Syst\u00e8mes d&rsquo;essieux autodirecteurs <\/strong><\/li>\n<li><strong> Nombre d&rsquo;essieux :\u00a0\u00a0\u00a0\u00a0\u00a0 4<\/strong><\/li>\n<li><strong> Marque d&rsquo;essieu :\u00a0\u00a0\u00a0\u00a0\u00a0\u00a0\u00a0\u00a0\u00a0\u00a0\u00a0 \u00a0\u00a0\u00a0\u00a0 SAF &#8211; BPW &#8211; MPD -TRAX &#8211;\u00a0 OSMAN KOC<\/strong><\/li>\n<li><strong> Capacit\u00e9 d&rsquo;essieu :\u00a0\u00a0\u00a0\u00a0\u00a0\u00a0\u00a0\u00a0\u00a0\u00a0\u00a0\u00a0\u00a0\u00a0\u00a0\u00a0 12 \u2013 14 \u2013 16 tonnes<\/strong><\/li>\n<li><strong> Roues : (385\/65-R22,5)\u00a0\u00a0 (12 R-22,5) <\/strong><\/li>\n<li><strong> Suspension : PNEUMATIQUE, M\u00c9CANIQUE <\/strong><\/li>\n<li><strong> Syst\u00e8mes de freinage : EBS ou ABS\u00a0 &#8212; WABCO &#8211; KNORR BREMSE &#8211; HALDEX<\/strong><\/li>\n<li><strong> Couleurs : Codes RAL demand\u00e9s par le client\u00a0 <\/strong><\/li>\n<li><strong> Syst\u00e8me \u00e9lectrique\u00a0\u00a0\u00a0\u00a0\u00a0 Sa-Ba, Asp\u00f6ck<\/strong><\/li>\n<\/ul>\n<p>[\/vc_column_text][\/vc_column][vc_column width=\u00a0\u00bb1\/2&Prime;][vc_row_inner][vc_column_inner width=\u00a0\u00bb1\/2&Prime;][vc_single_image image=\u00a0\u00bb2907&Prime; img_size=\u00a0\u00bbfull\u00a0\u00bb style=\u00a0\u00bbvc_box_rounded\u00a0\u00bb onclick=\u00a0\u00bblink_image\u00a0\u00bb css=\u00a0\u00bb\u00a0\u00bb][\/vc_column_inner][vc_column_inner width=\u00a0\u00bb1\/2&Prime;][vc_single_image image=\u00a0\u00bb2908&Prime; img_size=\u00a0\u00bbfull\u00a0\u00bb style=\u00a0\u00bbvc_box_rounded\u00a0\u00bb onclick=\u00a0\u00bblink_image\u00a0\u00bb css=\u00a0\u00bb\u00a0\u00bb][\/vc_column_inner][\/vc_row_inner][\/vc_column][vc_column width=\u00a0\u00bb1\/2&Prime;][vc_single_image image=\u00a0\u00bb2909&Prime; img_size=\u00a0\u00bbfull\u00a0\u00bb style=\u00a0\u00bbvc_box_rounded\u00a0\u00bb onclick=\u00a0\u00bblink_image\u00a0\u00bb css=\u00a0\u00bb\u00a0\u00bb][\/vc_column][\/vc_row][vc_row][vc_column][vc_empty_space][\/vc_column][\/vc_row]<\/p>\n<\/div>","protected":false},"excerpt":{"rendered":"<p>[vc_row][vc_column][vc_empty_space][\/vc_column][\/vc_row][vc_row full_width=\u00a0\u00bbstretch_row_content\u00a0\u00bb][vc_column width=\u00a0\u00bb1\/2&Prime; css=\u00a0\u00bb.vc_custom_1727805812339{border-right-width: 1px !important;border-right-style: solid !important;border-color: #2D506F4D !important;}\u00a0\u00bb][vc_column_text css=\u00a0\u00bb\u00a0\u00bb]Semi-remorques benne \u00e0 4 essieux La semi-remorque benne \u00e0 4 essieux est un v\u00e9hicule robuste con\u00e7u sp\u00e9cifiquement pour le transport et le d\u00e9chargement efficaces de grands volumes de roche, de gravier et d&rsquo;autres mat\u00e9riaux en vrac. Con\u00e7ue pour r\u00e9sister aux conditions exigeantes des carri\u00e8res et [&hellip;]<\/p>\n","protected":false},"author":1,"featured_media":0,"parent":0,"menu_order":0,"comment_status":"closed","ping_status":"closed","template":"","meta":{"footnotes":""},"class_list":["post-3337","page","type-page","status-publish","hentry"],"aioseo_notices":[],"_links":{"self":[{"href":"https:\/\/areltrailer.com\/fr\/wp-json\/wp\/v2\/pages\/3337","targetHints":{"allow":["GET"]}}],"collection":[{"href":"https:\/\/areltrailer.com\/fr\/wp-json\/wp\/v2\/pages"}],"about":[{"href":"https:\/\/areltrailer.com\/fr\/wp-json\/wp\/v2\/types\/page"}],"author":[{"embeddable":true,"href":"https:\/\/areltrailer.com\/fr\/wp-json\/wp\/v2\/users\/1"}],"replies":[{"embeddable":true,"href":"https:\/\/areltrailer.com\/fr\/wp-json\/wp\/v2\/comments?post=3337"}],"version-history":[{"count":4,"href":"https:\/\/areltrailer.com\/fr\/wp-json\/wp\/v2\/pages\/3337\/revisions"}],"predecessor-version":[{"id":3345,"href":"https:\/\/areltrailer.com\/fr\/wp-json\/wp\/v2\/pages\/3337\/revisions\/3345"}],"wp:attachment":[{"href":"https:\/\/areltrailer.com\/fr\/wp-json\/wp\/v2\/media?parent=3337"}],"curies":[{"name":"wp","href":"https:\/\/api.w.org\/{rel}","templated":true}]}}