{"id":3346,"date":"2018-07-08T03:16:09","date_gmt":"2018-07-08T00:16:09","guid":{"rendered":"https:\/\/areltrailer.com\/a-propos-de-nous\/"},"modified":"2018-07-08T03:16:09","modified_gmt":"2018-07-08T00:16:09","slug":"a-propos-de-nous","status":"publish","type":"page","link":"https:\/\/areltrailer.com\/fr\/a-propos-de-nous\/","title":{"rendered":"\u00c0 Propos de Nous"},"content":{"rendered":"<div class=\"wpb-content-wrapper\"><p>[vc_row full_width=\u00a0\u00bbstretch_row\u00a0\u00bb css=\u00a0\u00bb.vc_custom_1534942783644{padding-top: 100px !important;padding-bottom: 65px !important;}\u00a0\u00bb][vc_column]\n        <div class=\"twbi-wrapper \">        \n            <div class=\"row\">        \n                    <div class=\"col-lg-6 col-md-6\">\n                        <div class=\"border-image-wrap img-left\">\n                            <div class=\"border-image-wrap-border\" style=\"background: #0a6db7\"><\/div>\n                            <img decoding=\"async\" data-src=\"https:\/\/areltrailer.com\/wp-content\/uploads\/2024\/10\/3-axle-drawbar-1-530x355.jpg\" alt=\"\" src=\"data:image\/gif;base64,R0lGODlhAQABAAAAACH5BAEKAAEALAAAAAABAAEAAAICTAEAOw==\" class=\"lazyload\" style=\"--smush-placeholder-width: 530px; --smush-placeholder-aspect-ratio: 530\/355;\">\n                        <\/div>\n                    <\/div>\n                <div class=\"col-lg-6 col-md-6\">\n                    <div class=\"twbi-text\">\n                        <h1 style=\"color:#0a6db7\"><\/h1>\n                        <strong>Bienvenue chez AREL TRAILER<\/strong><\/p>\n<p>Chez AREL TRAILER, nous sommes plus qu&rsquo;un simple fabricant de semi-remorques \u2013 nous sommes votre partenaire d\u00e9di\u00e9 aux solutions de transport. Forts de plus de 10 ans d&rsquo;exp\u00e9rience dans l&rsquo;industrie, nous nous sp\u00e9cialisons dans la conception, l&rsquo;ing\u00e9nierie et la livraison de semi-remorques de haute qualit\u00e9 qui r\u00e9pondent aux besoins vari\u00e9s de nos clients \u00e0 travers divers secteurs<strong>.<\/strong><\/p>\n<p><strong>Notre Mission<\/strong><\/p>\n<p>Notre mission est de fournir des semi-remorques fiables, innovantes et personnalis\u00e9es qui am\u00e9liorent l&rsquo;efficacit\u00e9 et la s\u00e9curit\u00e9 de vos op\u00e9rations. Nous nous engageons \u00e0 livrer des produits qui r\u00e9sistent \u00e0 l&rsquo;\u00e9preuve du temps, offrant une valeur exceptionnelle gr\u00e2ce \u00e0 un savoir-faire sup\u00e9rieur et une technologie de pointe.<\/p>\n<p><strong>Notre Vision<\/strong><\/p>\n<p>\u00catre le leader des fabricants de semi-remorques, reconnu pour notre engagement in\u00e9branlable envers la qualit\u00e9, la satisfaction client et l&rsquo;innovation dans l&rsquo;industrie. Nous envisageons un avenir o\u00f9 nos remorques \u00e9tabliront la norme en mati\u00e8re de durabilit\u00e9, de performance et de s\u00e9curit\u00e9, aidant nos clients \u00e0 atteindre leurs objectifs de transport en toute confiance.\n                    <\/div>\n                <\/div>\n            <\/div>\n        <\/div>\n    [\/vc_column][\/vc_row][vc_row full_width=\u00a0\u00bbstretch_row\u00a0\u00bb css=\u00a0\u00bb.vc_custom_1535107221844{padding-top: 95px !important;padding-bottom: 65px !important;background-color: #f7f7f7 !important;}\u00a0\u00bb][vc_column]\n        <div class=\"twbi-wrapper \">        \n            <div class=\"row\">\n                <div class=\"col-lg-6 col-md-6\">\n                    <div class=\"twbi-text\">\n                        <h1 style=\"color:#0a6db7\"><\/h1>\n                        <strong>Pourquoi nous choisir ?<\/strong><\/p>\n<ul>\n<li><strong>Expertise : <\/strong>Notre \u00e9quipe d&rsquo;ing\u00e9nieurs et de techniciens exp\u00e9riment\u00e9s apporte une richesse de connaissances \u00e0 chaque projet, garantissant que chaque remorque est construite pour r\u00e9pondre aux normes les plus \u00e9lev\u00e9es.<\/li>\n<li><strong>Personnalisation : <\/strong>Nous offrons une gamme d&rsquo;options personnalisables pour garantir que nos remorques r\u00e9pondent \u00e0 vos sp\u00e9cifications exactes et \u00e0 vos exigences op\u00e9rationnelles.<\/li>\n<li><strong>Service client<\/strong>: De la consultation initiale au support apr\u00e8s-vente, notre \u00e9quipe d\u00e9di\u00e9e est l\u00e0 pour vous assister \u00e0 chaque \u00e9tape du processus.<\/li>\n<li><strong>Innovation : <\/strong>Nous investissons dans les derni\u00e8res technologies et pratiques de conception pour fournir des solutions de pointe qui am\u00e9liorent vos op\u00e9rations de transport.<\/li>\n<\/ul>\n<p>\n                    <\/div>\n                <\/div>        \n                    <div class=\"col-lg-6 col-md-6\">\n                        <div class=\"border-image-wrap img-right\">\n                            <div class=\"border-image-wrap-border\" style=\"background: #0a6db7\"><\/div>\n                            <img decoding=\"async\" data-src=\"https:\/\/areltrailer.com\/wp-content\/uploads\/2024\/10\/6-axle-lowbed-trailer-2-530x355.jpg\" alt=\"\" src=\"data:image\/gif;base64,R0lGODlhAQABAAAAACH5BAEKAAEALAAAAAABAAEAAAICTAEAOw==\" class=\"lazyload\" style=\"--smush-placeholder-width: 530px; --smush-placeholder-aspect-ratio: 530\/355;\">\n                        <\/div>\n                    <\/div>\n            <\/div>\n        <\/div>\n    [\/vc_column][\/vc_row][vc_row full_width=\u00a0\u00bbstretch_row\u00a0\u00bb css=\u00a0\u00bb.vc_custom_1589932383750{background-image: url(http:\/\/demo.themedraft.net\/wp\/xzopro\/wp-content\/uploads\/2018\/08\/videobg.jpg?id=383) !important;background-position: center !important;background-repeat: no-repeat !important;background-size: cover !important;}\u00a0\u00bb][vc_column]<div class=\"ult-spacer spacer-69f40dddc7cad\" data-id=\"69f40dddc7cad\" data-height=\"50\" data-height-mobile=\"50\" data-height-tab=\"50\" data-height-tab-portrait=\"\" data-height-mobile-landscape=\"\" style=\"clear:both;display:block;\"><\/div><div id=\"ultimate-heading-645669f40dddc7d1e\" class=\"uvc-heading ult-adjust-bottom-margin ultimate-heading-645669f40dddc7d1e uvc-3440 \" data-hspacer=\"no_spacer\"  data-halign=\"center\" style=\"text-align:center\"><div class=\"uvc-heading-spacer no_spacer\" style=\"top\"><\/div><div class=\"uvc-main-heading ult-responsive\"  data-ultimate-target='.uvc-heading.ultimate-heading-645669f40dddc7d1e h3'  data-responsive-json-new='{\"font-size\":\"\",\"line-height\":\"\"}' ><h3 style=\"font-weight:normal;color:#FFFFFF;\">Notre Engagement<\/h3><\/div><div class=\"uvc-sub-heading ult-responsive\"  data-ultimate-target='.uvc-heading.ultimate-heading-645669f40dddc7d1e .uvc-sub-heading '  data-responsive-json-new='{\"font-size\":\"\",\"line-height\":\"\"}'  style=\"font-weight:normal;color:#FFFFFF;\"><\/p>\n<p>Chez AREL TRAILER, nous nous engageons \u00e0 fournir l&rsquo;excellence dans chaque remorque que nous fabriquons. Nous comprenons l&rsquo;importance d&rsquo;un \u00e9quipement fiable dans vos op\u00e9rations, et nous nous effor\u00e7ons de garantir que nos produits non seulement r\u00e9pondent, mais d\u00e9passent vos attentes. Notre accent mis sur la qualit\u00e9, l&rsquo;innovation et la satisfaction client nous pousse \u00e0 nous am\u00e9liorer et \u00e0 \u00e9voluer continuellement.<\/div><\/div><div class=\"ult-spacer spacer-69f40dddc7d73\" data-id=\"69f40dddc7d73\" data-height=\"50\" data-height-mobile=\"50\" data-height-tab=\"50\" data-height-tab-portrait=\"\" data-height-mobile-landscape=\"\" style=\"clear:both;display:block;\"><\/div>[\/vc_column][\/vc_row]<\/p>\n<\/div>","protected":false},"excerpt":{"rendered":"<p>[vc_row full_width=\u00a0\u00bbstretch_row\u00a0\u00bb css=\u00a0\u00bb.vc_custom_1534942783644{padding-top: 100px !important;padding-bottom: 65px !important;}\u00a0\u00bb][vc_column][\/vc_column][\/vc_row][vc_row full_width=\u00a0\u00bbstretch_row\u00a0\u00bb css=\u00a0\u00bb.vc_custom_1535107221844{padding-top: 95px !important;padding-bottom: 65px !important;background-color: #f7f7f7 !important;}\u00a0\u00bb][vc_column][\/vc_column][\/vc_row][vc_row full_width=\u00a0\u00bbstretch_row\u00a0\u00bb css=\u00a0\u00bb.vc_custom_1589932383750{background-image: url(http:\/\/demo.themedraft.net\/wp\/xzopro\/wp-content\/uploads\/2018\/08\/videobg.jpg?id=383) !important;background-position: center !important;background-repeat: no-repeat !important;background-size: cover !important;}\u00a0\u00bb][vc_column][\/vc_column][\/vc_row]<\/p>\n","protected":false},"author":1,"featured_media":0,"parent":0,"menu_order":0,"comment_status":"closed","ping_status":"closed","template":"","meta":{"footnotes":""},"class_list":["post-3346","page","type-page","status-publish","hentry"],"aioseo_notices":[],"_links":{"self":[{"href":"https:\/\/areltrailer.com\/fr\/wp-json\/wp\/v2\/pages\/3346","targetHints":{"allow":["GET"]}}],"collection":[{"href":"https:\/\/areltrailer.com\/fr\/wp-json\/wp\/v2\/pages"}],"about":[{"href":"https:\/\/areltrailer.com\/fr\/wp-json\/wp\/v2\/types\/page"}],"author":[{"embeddable":true,"href":"https:\/\/areltrailer.com\/fr\/wp-json\/wp\/v2\/users\/1"}],"replies":[{"embeddable":true,"href":"https:\/\/areltrailer.com\/fr\/wp-json\/wp\/v2\/comments?post=3346"}],"version-history":[{"count":0,"href":"https:\/\/areltrailer.com\/fr\/wp-json\/wp\/v2\/pages\/3346\/revisions"}],"wp:attachment":[{"href":"https:\/\/areltrailer.com\/fr\/wp-json\/wp\/v2\/media?parent=3346"}],"curies":[{"name":"wp","href":"https:\/\/api.w.org\/{rel}","templated":true}]}}