{"id":3442,"date":"2024-10-26T17:01:46","date_gmt":"2024-10-26T14:01:46","guid":{"rendered":"https:\/\/areltrailer.com\/semi-remorque-citerne-carburant-en-aluminium-adr\/"},"modified":"2024-10-26T17:01:46","modified_gmt":"2024-10-26T14:01:46","slug":"semi-remorque-citerne-carburant-en-aluminium-adr","status":"publish","type":"page","link":"https:\/\/areltrailer.com\/fr\/semi-remorque-citerne-carburant-en-aluminium-adr\/","title":{"rendered":"SEMI-REMORQUE CITERNE CARBURANT EN ALUMINIUM ADR"},"content":{"rendered":"<div class=\"wpb-content-wrapper\"><p>[vc_row][vc_column][vc_empty_space][\/vc_column][\/vc_row][vc_row full_width=\u00a0\u00bbstretch_row_content\u00a0\u00bb][vc_column width=\u00a0\u00bb1\/2&Prime; css=\u00a0\u00bb.vc_custom_1727805812339{border-right-width: 1px !important;border-right-style: solid !important;border-color: #2D506F4D !important;}\u00a0\u00bb][vc_column_text css=\u00a0\u00bb\u00a0\u00bb]Les <a href=\"https:\/\/areltrailer.com\/fr\/semi-remorque-citerne-carburant-en-aluminium-adr\/\">semi-remorques citernes en aluminium<\/a>, comme la SEMI-REMORQUE CITERNE CARBURANT EN ALUMINIUM ADR, sont couramment utilis\u00e9es pour le transport de liquides en raison des propri\u00e9t\u00e9s de l\u00e9g\u00e8ret\u00e9 et de r\u00e9sistance \u00e0 la corrosion de l&rsquo;aluminium. Elles sont particuli\u00e8rement appr\u00e9ci\u00e9es dans les applications o\u00f9 la r\u00e9duction du poids peut am\u00e9liorer l&rsquo;efficacit\u00e9 \u00e9nerg\u00e9tique et la capacit\u00e9 de charge. Voici quelques sp\u00e9cifications techniques typiques pour les remorques citernes en aluminium :<\/p>\n<p><strong>Sp\u00e9cifications G\u00e9n\u00e9rales :<\/strong><\/p>\n<p><strong>\u00a0<\/strong><\/p>\n<ul>\n<li>&nbsp;&nbsp;Conception sur mesure<\/li>\n<li>&nbsp;&nbsp;&nbsp;&nbsp;Fabrication avec des dimensions et un type sp\u00e9cifiques selon votre demande<\/li>\n<li>Volume : 30 m\u00b3 &#8211; 55 m\u00b3<\/li>\n<li>Nombre d&rsquo;essieux : 2-3-4-5<\/li>\n<li>Marque d&rsquo;essieu : &nbsp;&nbsp;&nbsp;&nbsp;&nbsp;&nbsp; SAF &#8211; BPW &#8211; MPD -TRAX &#8211; &nbsp;OSMAN KOC &#8211; RELAX<\/li>\n<li>Capacit\u00e9 d&rsquo;essieu : 9 &#8211; &nbsp;12 \u2013 14 \u2013 16 tonnes<\/li>\n<li>Roues : (385\/65-R22,5) (12 R-22,5)<\/li>\n<li>Suspension : PNEUMATIQUE, M\u00c9CANIQUE<\/li>\n<li>Syst\u00e8mes de freinage : EBS ou ABS &#8212; WABCO &#8211; KNORR BREMSE &#8211; HALDEX<\/li>\n<li>Couleurs : Codes RAL sur demande du client<\/li>\n<li>Syst\u00e8me \u00e9lectrique : Sa-Ba, Asp\u00f6ck<\/li>\n<\/ul>\n<p>[\/vc_column_text][\/vc_column][vc_column width=\u00a0\u00bb1\/2&Prime;][vc_row_inner][vc_column_inner width=\u00a0\u00bb1\/2&Prime;][vc_single_image image=\u00a0\u00bb2737&Prime; img_size=\u00a0\u00bbfull\u00a0\u00bb style=\u00a0\u00bbvc_box_rounded\u00a0\u00bb onclick=\u00a0\u00bblink_image\u00a0\u00bb css=\u00a0\u00bb\u00a0\u00bb][\/vc_column_inner][vc_column_inner width=\u00a0\u00bb1\/2&Prime;][vc_single_image image=\u00a0\u00bb2736&Prime; img_size=\u00a0\u00bbfull\u00a0\u00bb style=\u00a0\u00bbvc_box_rounded\u00a0\u00bb onclick=\u00a0\u00bblink_image\u00a0\u00bb css=\u00a0\u00bb\u00a0\u00bb][\/vc_column_inner][\/vc_row_inner][\/vc_column][vc_column width=\u00a0\u00bb1\/2&Prime;][vc_single_image image=\u00a0\u00bb2735&Prime; img_size=\u00a0\u00bbfull\u00a0\u00bb style=\u00a0\u00bbvc_box_rounded\u00a0\u00bb onclick=\u00a0\u00bblink_image\u00a0\u00bb css=\u00a0\u00bb\u00a0\u00bb][\/vc_column][\/vc_row][vc_row][vc_column][vc_empty_space][\/vc_column][\/vc_row]<\/p>\n<\/div>","protected":false},"excerpt":{"rendered":"<p>[vc_row][vc_column][vc_empty_space][\/vc_column][\/vc_row][vc_row full_width=\u00a0\u00bbstretch_row_content\u00a0\u00bb][vc_column width=\u00a0\u00bb1\/2&Prime; css=\u00a0\u00bb.vc_custom_1727805812339{border-right-width: 1px !important;border-right-style: solid !important;border-color: #2D506F4D !important;}\u00a0\u00bb][vc_column_text css=\u00a0\u00bb\u00a0\u00bb]Les semi-remorques citernes en aluminium, comme la SEMI-REMORQUE CITERNE CARBURANT EN ALUMINIUM ADR, sont couramment utilis\u00e9es pour le transport de liquides en raison des propri\u00e9t\u00e9s de l\u00e9g\u00e8ret\u00e9 et de r\u00e9sistance \u00e0 la corrosion de l&rsquo;aluminium. Elles sont particuli\u00e8rement appr\u00e9ci\u00e9es dans les applications o\u00f9 la r\u00e9duction [&hellip;]<\/p>\n","protected":false},"author":1,"featured_media":0,"parent":0,"menu_order":0,"comment_status":"closed","ping_status":"closed","template":"","meta":{"footnotes":""},"class_list":["post-3442","page","type-page","status-publish","hentry"],"aioseo_notices":[],"_links":{"self":[{"href":"https:\/\/areltrailer.com\/fr\/wp-json\/wp\/v2\/pages\/3442","targetHints":{"allow":["GET"]}}],"collection":[{"href":"https:\/\/areltrailer.com\/fr\/wp-json\/wp\/v2\/pages"}],"about":[{"href":"https:\/\/areltrailer.com\/fr\/wp-json\/wp\/v2\/types\/page"}],"author":[{"embeddable":true,"href":"https:\/\/areltrailer.com\/fr\/wp-json\/wp\/v2\/users\/1"}],"replies":[{"embeddable":true,"href":"https:\/\/areltrailer.com\/fr\/wp-json\/wp\/v2\/comments?post=3442"}],"version-history":[{"count":0,"href":"https:\/\/areltrailer.com\/fr\/wp-json\/wp\/v2\/pages\/3442\/revisions"}],"wp:attachment":[{"href":"https:\/\/areltrailer.com\/fr\/wp-json\/wp\/v2\/media?parent=3442"}],"curies":[{"name":"wp","href":"https:\/\/api.w.org\/{rel}","templated":true}]}}