{"id":3450,"date":"2024-10-16T23:51:18","date_gmt":"2024-10-16T20:51:18","guid":{"rendered":"https:\/\/areltrailer.com\/remorque-silo-pour-aliments-en-vrac\/"},"modified":"2024-10-16T23:51:18","modified_gmt":"2024-10-16T20:51:18","slug":"remorque-silo-pour-aliments-en-vrac","status":"publish","type":"page","link":"https:\/\/areltrailer.com\/fr\/remorque-silo-pour-aliments-en-vrac\/","title":{"rendered":"REMORQUE SILO POUR ALIMENTS EN VRAC"},"content":{"rendered":"<div class=\"wpb-content-wrapper\"><p>[vc_row][vc_column][vc_empty_space][\/vc_column][\/vc_row][vc_row full_width=\u00a0\u00bbstretch_row_content\u00a0\u00bb][vc_column width=\u00a0\u00bb1\/2&Prime; css=\u00a0\u00bb.vc_custom_1727805812339{border-right-width: 1px !important;border-right-style: solid !important;border-color: #2D506F4D !important;}\u00a0\u00bb][vc_column_text css=\u00a0\u00bb\u00a0\u00bb]Les <a href=\"https:\/\/areltrailer.com\/fr\/remorque-silo-pour-aliments-en-vrac\/\">remorques silo pour aliments en vrac<\/a> sont des v\u00e9hicules sp\u00e9cialis\u00e9s utilis\u00e9s pour transporter de grandes quantit\u00e9s d&rsquo;aliments pour animaux de mani\u00e8re efficace et s\u00fbre. Elles sont con\u00e7ues pour manipuler divers types d&rsquo;aliments, y compris les c\u00e9r\u00e9ales, les granul\u00e9s et autres mati\u00e8res en vrac. Voici les sp\u00e9cifications typiques pour les remorques d&rsquo;aliments en vrac :<\/p>\n<p>Sp\u00e9cifications G\u00e9n\u00e9rales :<\/p>\n<ul>\n<li>Conception sur mesure<\/li>\n<\/ul>\n<p><strong>Capacit\u00e9<\/strong><\/p>\n<p>Volume g\u00e9om\u00e9trique : 40-50 m\u00b3<\/p>\n<p>Tr\u00e9mies de transfert : 3 &#8211; 5<\/p>\n<p>Remorque de transport d&rsquo;aliments en vrac<\/p>\n<p>Cat\u00e9gorie : 8<\/p>\n<p><strong>Produits \u00e0 transporter<\/strong> : C\u00e9r\u00e9ales en vrac telles que aliments pour poulets, aliments en granul\u00e9s, son, ma\u00efs, orge, bl\u00e9, aliments et poudres alimentaires, etc.<\/p>\n<p>Temp\u00e9rature de fonctionnement : -20\u02daC + 50\u02daC<\/p>\n<p><strong>Syst\u00e8me \u00e9lectrique<\/strong><\/p>\n<ul>\n<li>1 panneau en t\u00f4le de 120 x 60<\/li>\n<li>Contacteurs connect\u00e9s aux moteurs<\/li>\n<li>Protections thermiques des moteurs<\/li>\n<li>Dispositif de commande \u00e0 8 boutons (arr\u00eat d&rsquo;urgence)<\/li>\n<li>C\u00e2bles \u00e9lectriques connect\u00e9s<\/li>\n<li>Nos produits sont conformes aux normes TSE.<\/li>\n<li>Marque Schneider ou ABB<\/li>\n<\/ul>\n<p><strong>Composants hydrauliques<\/strong><\/p>\n<ul>\n<li>HYDROMOTEUR de 350 L (pour vis rotative)<\/li>\n<li>Vanne 2 x 1<\/li>\n<li>Pompe HEMA de 6 L<\/li>\n<li>Filtre \u00e0 huile<\/li>\n<li>Moteur 2 CV 1400 tr\/min<\/li>\n<li>V\u00e9rin de levage 80 x 50<\/li>\n<li>Unit\u00e9 de pompe hydraulique fournissant l&rsquo;\u00e9nergie n\u00e9cessaire au mouvement de la goulotte de d\u00e9chargement (droite-gauche, haut-bas), en transmettant le mouvement \u00e0 l&rsquo;hydromoteur.<\/li>\n<\/ul>\n<p><strong>Panneau de commande et unit\u00e9 de contr\u00f4le hydraulique<\/strong><\/p>\n<ul>\n<li>Panneau de commande fixe pour contr\u00f4ler les vis, les moteurs connect\u00e9s et le syst\u00e8me hydraulique<\/li>\n<\/ul>\n<p>&nbsp;<\/p>\n<ul>\n<li>Nombre d&rsquo;essieux : 2-3-4-5<\/li>\n<li>Marque d&rsquo;essieu : &nbsp;&nbsp;&nbsp;&nbsp;&nbsp;&nbsp;&nbsp;&nbsp;&nbsp; SAF &#8211; BPW &#8211; MPD -TRAX &#8211; &nbsp;OSMAN KOC &#8211; RELAX<\/li>\n<li>Capacit\u00e9 d&rsquo;essieu : 12 \u2013 14 \u2013 16 tonnes<\/li>\n<\/ul>\n<ul>\n<li>Roues : (385\/65R22,5)&nbsp;(12 R-22,5)<\/li>\n<li>Suspension : PNEUMATIQUE, M\u00c9CANIQUE<\/li>\n<li>Longueur ext\u00e9rieure : 11 500&nbsp;&nbsp;\u2013 15 000 mm<\/li>\n<li>Longueur du plateau : 8 000 \u2013 12 500 mm<\/li>\n<li>Largeur du plateau : 2 500 + 600 mm \u2013 3 500 + 600 mm (Largeur \/ Extensions lat\u00e9rales)<\/li>\n<li>Hauteur du plateau : 700 mm \u2013 1100 mm<\/li>\n<li>Plateau extensible : +3 000 mm \/ + 14 000 mm<\/li>\n<li>Syst\u00e8mes de freinage : EBS ou ABS&nbsp; &#8212; WABCO &#8211; KNORR BREMSE &#8211; HALDEX<\/li>\n<li>Syst\u00e8mes de rampes hydrauliques simples ou doubles (pliables)<\/li>\n<li>Couleurs : Codes&nbsp;&nbsp;RAL sur demande du&nbsp;&nbsp;client<\/li>\n<\/ul>\n<ul>\n<li>Syst\u00e8me \u00e9lectrique : Sa-Ba, Asp\u00f6ck<\/li>\n<\/ul>\n<p>[\/vc_column_text][\/vc_column][vc_column width=\u00a0\u00bb1\/2&Prime;][vc_single_image image=\u00a0\u00bb2501&Prime; img_size=\u00a0\u00bbfull\u00a0\u00bb style=\u00a0\u00bbvc_box_rounded\u00a0\u00bb onclick=\u00a0\u00bblink_image\u00a0\u00bb css=\u00a0\u00bb\u00a0\u00bb][vc_single_image image=\u00a0\u00bb2499&Prime; img_size=\u00a0\u00bbfull\u00a0\u00bb style=\u00a0\u00bbvc_box_rounded\u00a0\u00bb onclick=\u00a0\u00bblink_image\u00a0\u00bb css=\u00a0\u00bb\u00a0\u00bb][vc_single_image image=\u00a0\u00bb2500&Prime; img_size=\u00a0\u00bbfull\u00a0\u00bb style=\u00a0\u00bbvc_box_rounded\u00a0\u00bb onclick=\u00a0\u00bblink_image\u00a0\u00bb css=\u00a0\u00bb\u00a0\u00bb][\/vc_column][\/vc_row][vc_row][vc_column][vc_empty_space][\/vc_column][\/vc_row]<\/p>\n<\/div>","protected":false},"excerpt":{"rendered":"<p>[vc_row][vc_column][vc_empty_space][\/vc_column][\/vc_row][vc_row full_width=\u00a0\u00bbstretch_row_content\u00a0\u00bb][vc_column width=\u00a0\u00bb1\/2&Prime; css=\u00a0\u00bb.vc_custom_1727805812339{border-right-width: 1px !important;border-right-style: solid !important;border-color: #2D506F4D !important;}\u00a0\u00bb][vc_column_text css=\u00a0\u00bb\u00a0\u00bb]Les remorques silo pour aliments en vrac sont des v\u00e9hicules sp\u00e9cialis\u00e9s utilis\u00e9s pour transporter de grandes quantit\u00e9s d&rsquo;aliments pour animaux de mani\u00e8re efficace et s\u00fbre. Elles sont con\u00e7ues pour manipuler divers types d&rsquo;aliments, y compris les c\u00e9r\u00e9ales, les granul\u00e9s et autres mati\u00e8res en vrac. Voici [&hellip;]<\/p>\n","protected":false},"author":1,"featured_media":0,"parent":0,"menu_order":0,"comment_status":"closed","ping_status":"closed","template":"","meta":{"footnotes":""},"class_list":["post-3450","page","type-page","status-publish","hentry"],"aioseo_notices":[],"_links":{"self":[{"href":"https:\/\/areltrailer.com\/fr\/wp-json\/wp\/v2\/pages\/3450","targetHints":{"allow":["GET"]}}],"collection":[{"href":"https:\/\/areltrailer.com\/fr\/wp-json\/wp\/v2\/pages"}],"about":[{"href":"https:\/\/areltrailer.com\/fr\/wp-json\/wp\/v2\/types\/page"}],"author":[{"embeddable":true,"href":"https:\/\/areltrailer.com\/fr\/wp-json\/wp\/v2\/users\/1"}],"replies":[{"embeddable":true,"href":"https:\/\/areltrailer.com\/fr\/wp-json\/wp\/v2\/comments?post=3450"}],"version-history":[{"count":0,"href":"https:\/\/areltrailer.com\/fr\/wp-json\/wp\/v2\/pages\/3450\/revisions"}],"wp:attachment":[{"href":"https:\/\/areltrailer.com\/fr\/wp-json\/wp\/v2\/media?parent=3450"}],"curies":[{"name":"wp","href":"https:\/\/api.w.org\/{rel}","templated":true}]}}