{"id":3630,"date":"2024-10-21T22:20:38","date_gmt":"2024-10-21T19:20:38","guid":{"rendered":"https:\/\/areltrailer.com\/semi-remorque-tautliner\/"},"modified":"2024-10-21T22:20:38","modified_gmt":"2024-10-21T19:20:38","slug":"semi-remorque-tautliner","status":"publish","type":"page","link":"https:\/\/areltrailer.com\/fr\/semi-remorque-tautliner\/","title":{"rendered":"SEMI-REMORQUE TAUTLINER"},"content":{"rendered":"<div class=\"wpb-content-wrapper\"><p>[vc_row][vc_column][vc_empty_space][\/vc_column][\/vc_row][vc_row full_width=\u00a0\u00bbstretch_row_content\u00a0\u00bb][vc_column width=\u00a0\u00bb1\/2&Prime; css=\u00a0\u00bb.vc_custom_1727805812339{border-right-width: 1px !important;border-right-style: solid !important;border-color: #2D506F4D !important;}\u00a0\u00bb][vc_column_text css=\u00a0\u00bb\u00a0\u00bb]Une <a href=\"https:\/\/areltrailer.com\/fr\/semi-remorque-tautliner\/\">semi-remorque Tautliner<\/a>, souvent appel\u00e9e semi-remorque \u00e0 \u00ab rideaux coulissants \u00bb ou <a href=\"https:\/\/areltrailer.com\/fr\/semi-remorque-tautliner\/\">remorque b\u00e2ch\u00e9e<\/a>, est dot\u00e9e d&rsquo;un rideau souple et r\u00e9tractable qui permet un chargement et un d\u00e9chargement faciles des marchandises par les c\u00f4t\u00e9s ainsi que par l&rsquo;arri\u00e8re. Ce type de remorque est couramment utilis\u00e9 pour le transport de marchandises n\u00e9cessitant un acc\u00e8s rapide et une protection contre les intemp\u00e9ries. Voici les sp\u00e9cifications et caract\u00e9ristiques cl\u00e9s d&rsquo;une <a href=\"https:\/\/areltrailer.com\/fr\/semi-remorque-tautliner\/\">semi-remorque Tautliner<\/a> :<\/p>\n<p>Options<\/p>\n<ul>\n<li>Conception sur mesure<\/li>\n<li>Fabrication avec dimensions et type sp\u00e9ciaux selon votre demande<\/li>\n<li>Syst\u00e8mes d&rsquo;essieux auto-vireurs<\/li>\n<li>Cinqui\u00e8me couverture lat\u00e9rale<\/li>\n<li>SANS B\u00c2CHE 7 rang\u00e9es de lattes en aluminium<\/li>\n<li>Porte-roue de secours de type double panier ou \u00e0 r\u00e9ducteur<\/li>\n<li>Syst\u00e8me d&rsquo;\u00e9largissement de 40 cm \u00e0 droite et \u00e0 gauche pendant le chargement<\/li>\n<li>MOD\u00c8LE HUCKEPACK (Certificat EN 12642 CODE XL, Certificat de conformit\u00e9 pour le transport UIC 596-5 S400 P400)<\/li>\n<li>Nombre d&rsquo;essieux : 2-3-4<\/li>\n<li>Marque d&rsquo;essieu :      SAF &#8211; BPW &#8211; MPD -TRAX &#8211;  OSMAN KOC &#8211; RELAX<\/li>\n<li>Capacit\u00e9 d&rsquo;essieu : 9 &#8211; 12 \u2013 14 \u2013 16 tonnes<\/li>\n<li>Roues : (245\/70-R17,5) (385\/65-R22,5)   (12 R-R22,5)<\/li>\n<li>Suspension : PNEUMATIQUE, M\u00c9CANIQUE<\/li>\n<li>Longueur ext\u00e9rieure : 11.500 \u2013 15.000 mm<\/li>\n<li>Syst\u00e8mes de freinage : EBS ou ABS &#8212; WABCO &#8211; KNORR BREMSE &#8211; HALDEX<\/li>\n<li>Couleurs : Codes RAL \u00e0 la demande du client<\/li>\n<li>Syst\u00e8me \u00e9lectrique : Sa-Ba, Asp\u00f6ck<\/li>\n<\/ul>\n<p>[\/vc_column_text][\/vc_column][vc_column width=\u00a0\u00bb1\/2&Prime;][vc_row_inner][vc_column_inner width=\u00a0\u00bb1\/2&Prime;][vc_single_image image=\u00a0\u00bb2621&Prime; img_size=\u00a0\u00bbfull\u00a0\u00bb style=\u00a0\u00bbvc_box_rounded\u00a0\u00bb onclick=\u00a0\u00bblink_image\u00a0\u00bb css=\u00a0\u00bb\u00a0\u00bb][\/vc_column_inner][vc_column_inner width=\u00a0\u00bb1\/2&Prime;][vc_single_image image=\u00a0\u00bb2619&Prime; img_size=\u00a0\u00bbfull\u00a0\u00bb style=\u00a0\u00bbvc_box_rounded\u00a0\u00bb onclick=\u00a0\u00bblink_image\u00a0\u00bb css=\u00a0\u00bb\u00a0\u00bb][\/vc_column_inner][\/vc_row_inner][\/vc_column][vc_column width=\u00a0\u00bb1\/2&Prime;][vc_single_image image=\u00a0\u00bb2620&Prime; img_size=\u00a0\u00bbfull\u00a0\u00bb style=\u00a0\u00bbvc_box_rounded\u00a0\u00bb onclick=\u00a0\u00bblink_image\u00a0\u00bb css=\u00a0\u00bb\u00a0\u00bb][\/vc_column][\/vc_row][vc_row][vc_column][vc_empty_space][\/vc_column][\/vc_row]<\/p>\n<\/div>","protected":false},"excerpt":{"rendered":"<p>[vc_row][vc_column][vc_empty_space][\/vc_column][\/vc_row][vc_row full_width=\u00a0\u00bbstretch_row_content\u00a0\u00bb][vc_column width=\u00a0\u00bb1\/2&Prime; css=\u00a0\u00bb.vc_custom_1727805812339{border-right-width: 1px !important;border-right-style: solid !important;border-color: #2D506F4D !important;}\u00a0\u00bb][vc_column_text css=\u00a0\u00bb\u00a0\u00bb]Une semi-remorque Tautliner, souvent appel\u00e9e semi-remorque \u00e0 \u00ab rideaux coulissants \u00bb ou remorque b\u00e2ch\u00e9e, est dot\u00e9e d&rsquo;un rideau souple et r\u00e9tractable qui permet un chargement et un d\u00e9chargement faciles des marchandises par les c\u00f4t\u00e9s ainsi que par l&rsquo;arri\u00e8re. Ce type de remorque est couramment utilis\u00e9 [&hellip;]<\/p>\n","protected":false},"author":1,"featured_media":0,"parent":0,"menu_order":0,"comment_status":"closed","ping_status":"closed","template":"","meta":{"footnotes":""},"class_list":["post-3630","page","type-page","status-publish","hentry"],"aioseo_notices":[],"_links":{"self":[{"href":"https:\/\/areltrailer.com\/fr\/wp-json\/wp\/v2\/pages\/3630","targetHints":{"allow":["GET"]}}],"collection":[{"href":"https:\/\/areltrailer.com\/fr\/wp-json\/wp\/v2\/pages"}],"about":[{"href":"https:\/\/areltrailer.com\/fr\/wp-json\/wp\/v2\/types\/page"}],"author":[{"embeddable":true,"href":"https:\/\/areltrailer.com\/fr\/wp-json\/wp\/v2\/users\/1"}],"replies":[{"embeddable":true,"href":"https:\/\/areltrailer.com\/fr\/wp-json\/wp\/v2\/comments?post=3630"}],"version-history":[{"count":0,"href":"https:\/\/areltrailer.com\/fr\/wp-json\/wp\/v2\/pages\/3630\/revisions"}],"wp:attachment":[{"href":"https:\/\/areltrailer.com\/fr\/wp-json\/wp\/v2\/media?parent=3630"}],"curies":[{"name":"wp","href":"https:\/\/api.w.org\/{rel}","templated":true}]}}