{"id":3634,"date":"2024-10-16T23:57:22","date_gmt":"2024-10-16T20:57:22","guid":{"rendered":"https:\/\/areltrailer.com\/remorques-sur-mesure\/"},"modified":"2024-10-16T23:57:22","modified_gmt":"2024-10-16T20:57:22","slug":"remorques-sur-mesure","status":"publish","type":"page","link":"https:\/\/areltrailer.com\/fr\/remorques-sur-mesure\/","title":{"rendered":"REMORQUES SUR MESURE"},"content":{"rendered":"<div class=\"wpb-content-wrapper\"><p>[vc_row][vc_column][vc_empty_space][\/vc_column][\/vc_row][vc_row full_width=\u00a0\u00bbstretch_row_content\u00a0\u00bb][vc_column width=\u00a0\u00bb1\/4&Prime; css=\u00a0\u00bb.vc_custom_1727805812339{border-right-width: 1px !important;border-right-style: solid !important;border-color: #2D506F4D !important;}\u00a0\u00bb][vc_single_image image=\u00a0\u00bb2539&Prime; img_size=\u00a0\u00bbfull\u00a0\u00bb alignment=\u00a0\u00bbcenter\u00a0\u00bb style=\u00a0\u00bbvc_box_rounded\u00a0\u00bb onclick=\u00a0\u00bbcustom_link\u00a0\u00bb css=\u00a0\u00bb\u00a0\u00bb el_class=\u00a0\u00bbdorse\u00a0\u00bb link=\u00a0\u00bbhttps:\/\/areltrailer.com\/curtainsider-trailer\/\u00a0\u00bb]\n        <div class=\"twt-wrap vc_custom_1729523719575\">\n            <h1 style=\"color:#2D506F;font-size: 20px\">SEMI-REMORQUE TAUTLINER<\/h1>\n            Une semi-remorque Tautliner, souvent appel\u00e9e semi-remorque \u00e0 \u00ab rideaux coulissants \u00bb ou \u00ab Savoyarde \u00bb, est dot\u00e9e d&rsquo;un rideau souple et r\u00e9tractable qui permet un chargement et un d\u00e9chargement faciles des marchandises par les c\u00f4t\u00e9s ainsi que par l&rsquo;arri\u00e8re.\n        <\/div>\n    [\/vc_column][vc_column width=\u00a0\u00bb1\/4&Prime; css=\u00a0\u00bb.vc_custom_1727805817829{border-right-width: 1px !important;border-right-style: solid !important;border-color: #2D506F4D !important;}\u00a0\u00bb][vc_single_image image=\u00a0\u00bb2540&Prime; img_size=\u00a0\u00bbfull\u00a0\u00bb alignment=\u00a0\u00bbcenter\u00a0\u00bb style=\u00a0\u00bbvc_box_rounded\u00a0\u00bb onclick=\u00a0\u00bbcustom_link\u00a0\u00bb css=\u00a0\u00bb\u00a0\u00bb el_class=\u00a0\u00bbdorse\u00a0\u00bb link=\u00a0\u00bbhttps:\/\/areltrailer.com\/special-trailer\/\u00a0\u00bb]\n        <div class=\"twt-wrap vc_custom_1729523733861\">\n            <h1 style=\"color:#2D506F;font-size: 20px\">REMORQUE SP\u00c9CIALE<\/h1>\n            La personnalisation des semi-remorques consiste \u00e0 adapter diverses sp\u00e9cifications pour r\u00e9pondre \u00e0 des besoins op\u00e9rationnels sp\u00e9cifiques, \u00e0 des exigences r\u00e9glementaires ou aux caract\u00e9ristiques uniques du chargement.\n        <\/div>\n    [\/vc_column][vc_column width=\u00a0\u00bb1\/4&Prime; css=\u00a0\u00bb.vc_custom_1727805821852{border-right-width: 1px !important;border-right-style: solid !important;border-color: #2D506F4D !important;}\u00a0\u00bb][vc_single_image image=\u00a0\u00bb2541&Prime; img_size=\u00a0\u00bbfull\u00a0\u00bb alignment=\u00a0\u00bbcenter\u00a0\u00bb style=\u00a0\u00bbvc_box_rounded\u00a0\u00bb onclick=\u00a0\u00bbcustom_link\u00a0\u00bb css=\u00a0\u00bb\u00a0\u00bb el_class=\u00a0\u00bbdorse\u00a0\u00bb link=\u00a0\u00bbhttps:\/\/areltrailer.com\/livestock-semi-trailer\/\u00a0\u00bb]\n        <div class=\"twt-wrap vc_custom_1729523748187\">\n            <h1 style=\"color:#2D506F;font-size: 20px\">SEMI-REMORQUE B\u00c9TAILL\u00c8RE<\/h1>\n            Les semi-remorques b\u00e9taill\u00e8res sont con\u00e7ues pour transporter de grandes quantit\u00e9s de b\u00e9tail sur de longues distances ; animaux bovins et ovins.\n        <\/div>\n    [\/vc_column][vc_column width=\u00a0\u00bb1\/4&Prime; css=\u00a0\u00bb.vc_custom_1727805825455{border-right-width: 1px !important;border-right-style: solid !important;border-color: #2D506F4D !important;}\u00a0\u00bb][vc_single_image image=\u00a0\u00bb2542&Prime; img_size=\u00a0\u00bbfull\u00a0\u00bb alignment=\u00a0\u00bbcenter\u00a0\u00bb style=\u00a0\u00bbvc_box_rounded\u00a0\u00bb onclick=\u00a0\u00bbcustom_link\u00a0\u00bb css=\u00a0\u00bb\u00a0\u00bb el_class=\u00a0\u00bbdorse\u00a0\u00bb link=\u00a0\u00bbhttps:\/\/areltrailer.com\/mobile-showroom-trailer\/\u00a0\u00bb]\n        <div class=\"twt-wrap vc_custom_1729523766360\">\n            <h1 style=\"color:#2D506F;font-size: 20px\">SEMI-REMORQUE D&#039;EXPOSITION MOBILE - \u00c9V\u00c9NEMENTIELLE<\/h1>\n            La semi-remorque d&rsquo;exposition \u00e9v\u00e9nementielle mobile est une solution de pointe et polyvalente, con\u00e7ue pour amener les expositions, les salons professionnels et les \u00e9v\u00e9nements promotionnels directement \u00e0 votre public cible.\n        <\/div>\n    [\/vc_column][\/vc_row][vc_row][vc_column][vc_empty_space][\/vc_column][\/vc_row]<\/p>\n<\/div>","protected":false},"excerpt":{"rendered":"<p>[vc_row][vc_column][vc_empty_space][\/vc_column][\/vc_row][vc_row full_width=\u00a0\u00bbstretch_row_content\u00a0\u00bb][vc_column width=\u00a0\u00bb1\/4&Prime; css=\u00a0\u00bb.vc_custom_1727805812339{border-right-width: 1px !important;border-right-style: solid !important;border-color: #2D506F4D !important;}\u00a0\u00bb][vc_single_image image=\u00a0\u00bb2539&Prime; img_size=\u00a0\u00bbfull\u00a0\u00bb alignment=\u00a0\u00bbcenter\u00a0\u00bb style=\u00a0\u00bbvc_box_rounded\u00a0\u00bb onclick=\u00a0\u00bbcustom_link\u00a0\u00bb css=\u00a0\u00bb\u00a0\u00bb el_class=\u00a0\u00bbdorse\u00a0\u00bb link=\u00a0\u00bbhttps:\/\/areltrailer.com\/curtainsider-trailer\/\u00a0\u00bb][\/vc_column][vc_column width=\u00a0\u00bb1\/4&Prime; css=\u00a0\u00bb.vc_custom_1727805817829{border-right-width: 1px !important;border-right-style: solid !important;border-color: #2D506F4D !important;}\u00a0\u00bb][vc_single_image image=\u00a0\u00bb2540&Prime; img_size=\u00a0\u00bbfull\u00a0\u00bb alignment=\u00a0\u00bbcenter\u00a0\u00bb style=\u00a0\u00bbvc_box_rounded\u00a0\u00bb onclick=\u00a0\u00bbcustom_link\u00a0\u00bb css=\u00a0\u00bb\u00a0\u00bb el_class=\u00a0\u00bbdorse\u00a0\u00bb link=\u00a0\u00bbhttps:\/\/areltrailer.com\/special-trailer\/\u00a0\u00bb][\/vc_column][vc_column width=\u00a0\u00bb1\/4&Prime; css=\u00a0\u00bb.vc_custom_1727805821852{border-right-width: 1px !important;border-right-style: solid !important;border-color: #2D506F4D !important;}\u00a0\u00bb][vc_single_image image=\u00a0\u00bb2541&Prime; img_size=\u00a0\u00bbfull\u00a0\u00bb alignment=\u00a0\u00bbcenter\u00a0\u00bb style=\u00a0\u00bbvc_box_rounded\u00a0\u00bb onclick=\u00a0\u00bbcustom_link\u00a0\u00bb css=\u00a0\u00bb\u00a0\u00bb el_class=\u00a0\u00bbdorse\u00a0\u00bb link=\u00a0\u00bbhttps:\/\/areltrailer.com\/livestock-semi-trailer\/\u00a0\u00bb][\/vc_column][vc_column width=\u00a0\u00bb1\/4&Prime; css=\u00a0\u00bb.vc_custom_1727805825455{border-right-width: 1px !important;border-right-style: solid [&hellip;]<\/p>\n","protected":false},"author":1,"featured_media":0,"parent":0,"menu_order":0,"comment_status":"closed","ping_status":"closed","template":"","meta":{"footnotes":""},"class_list":["post-3634","page","type-page","status-publish","hentry"],"aioseo_notices":[],"_links":{"self":[{"href":"https:\/\/areltrailer.com\/fr\/wp-json\/wp\/v2\/pages\/3634","targetHints":{"allow":["GET"]}}],"collection":[{"href":"https:\/\/areltrailer.com\/fr\/wp-json\/wp\/v2\/pages"}],"about":[{"href":"https:\/\/areltrailer.com\/fr\/wp-json\/wp\/v2\/types\/page"}],"author":[{"embeddable":true,"href":"https:\/\/areltrailer.com\/fr\/wp-json\/wp\/v2\/users\/1"}],"replies":[{"embeddable":true,"href":"https:\/\/areltrailer.com\/fr\/wp-json\/wp\/v2\/comments?post=3634"}],"version-history":[{"count":0,"href":"https:\/\/areltrailer.com\/fr\/wp-json\/wp\/v2\/pages\/3634\/revisions"}],"wp:attachment":[{"href":"https:\/\/areltrailer.com\/fr\/wp-json\/wp\/v2\/media?parent=3634"}],"curies":[{"name":"wp","href":"https:\/\/api.w.org\/{rel}","templated":true}]}}