{"id":3657,"date":"2024-10-16T23:59:58","date_gmt":"2024-10-16T20:59:58","guid":{"rendered":"https:\/\/areltrailer.com\/semi-remorque-compacteur-de-dechets\/"},"modified":"2024-10-16T23:59:58","modified_gmt":"2024-10-16T20:59:58","slug":"semi-remorque-compacteur-de-dechets","status":"publish","type":"page","link":"https:\/\/areltrailer.com\/fr\/semi-remorque-compacteur-de-dechets\/","title":{"rendered":"SEMI-REMORQUE COMPACTEUR DE D\u00c9CHETS"},"content":{"rendered":"<div class=\"wpb-content-wrapper\"><p>[vc_row][vc_column][vc_empty_space][\/vc_column][\/vc_row][vc_row full_width=\u00a0\u00bbstretch_row_content\u00a0\u00bb][vc_column width=\u00a0\u00bb1\/2&Prime; css=\u00a0\u00bb.vc_custom_1727805812339{border-right-width: 1px !important;border-right-style: solid !important;border-color: #2D506F4D !important;}\u00a0\u00bb][vc_column_text css=\u00a0\u00bb\u00a0\u00bb]La <a href=\"https:\/\/areltrailer.com\/fr\/semi-remorque-compacteur-de-dechets\/\"><strong>semi-remorque \u00e0 d\u00e9chets<\/strong><\/a>, ou <a href=\"https:\/\/areltrailer.com\/fr\/semi-remorque-compacteur-de-dechets\/\">semi-remorque compacteur de d\u00e9chets<\/a>, est une solution robuste et efficace con\u00e7ue pour la collecte, le transport et l&rsquo;\u00e9limination des d\u00e9chets municipaux et industriels. Con\u00e7ue pour traiter une large gamme de mat\u00e9riaux de d\u00e9chets, cette remorque assure une gestion des d\u00e9chets fiable et hygi\u00e9nique pour les villes, les entreprises et les soci\u00e9t\u00e9s de gestion des d\u00e9chets.<\/p>\n<p>Le processus de chargement s&rsquo;effectue par le haut de la porte et elle peut r\u00e9aliser des op\u00e9rations de compactage et de d\u00e9chargement gr\u00e2ce \u00e0 la trappe d&rsquo;\u00e9jection qu&rsquo;elle contient. Le d\u00e9chargement peut \u00eatre effectu\u00e9 par un v\u00e9rin t\u00e9lescopique ou par un syst\u00e8me de v\u00e9rin \u00e0 simple \u00e9tage double effet et de tri.<\/p>\n<ul>\n<li>Capacit\u00e9 de 50 m\u00b3 \u00e0 90 m\u00b3<\/li>\n<li>Conception sur mesure<\/li>\n<li>Fabrication avec des dimensions et un type sp\u00e9ciaux selon votre demande<\/li>\n<li>Syst\u00e8mes d&rsquo;essieux auto-vireurs<\/li>\n<\/ul>\n<p>&nbsp;<\/p>\n<ul>\n<li>Nombre d&rsquo;essieux : 2-3-4<\/li>\n<li>Marque de l&rsquo;essieu : SAF &#8211; BPW &#8211; MPD &#8211; TRAX &#8211; OSMAN KOC &#8211; RELAX<\/li>\n<li>Capacit\u00e9 de l&rsquo;essieu : 9 &#8211; 12 \u2013 14 \u2013 16 tonnes<\/li>\n<li>Roues : (245\/70-17,5) (385\/65-22,5) (12 R-22,5)<\/li>\n<li>Suspension : PNEUMATIQUE, M\u00c9CANIQUE<\/li>\n<li>Syst\u00e8mes de freinage : EBS ou ABS &#8212; WABCO &#8211; KNORR BREMSE &#8211; HALDEX<\/li>\n<li>Couleurs : Codes RAL \u00e0 la demande du client<\/li>\n<li>Syst\u00e8me \u00e9lectrique : Sa-Ba, Asp\u00f6ck<\/li>\n<\/ul>\n<p>[\/vc_column_text][\/vc_column][vc_column width=\u00a0\u00bb1\/2&Prime;][vc_row_inner][vc_column_inner width=\u00a0\u00bb1\/2&Prime;][vc_single_image image=\u00a0\u00bb2549&Prime; img_size=\u00a0\u00bbfull\u00a0\u00bb style=\u00a0\u00bbvc_box_rounded\u00a0\u00bb onclick=\u00a0\u00bblink_image\u00a0\u00bb css=\u00a0\u00bb\u00a0\u00bb][\/vc_column_inner][vc_column_inner width=\u00a0\u00bb1\/2&Prime;][vc_single_image image=\u00a0\u00bb2550&Prime; img_size=\u00a0\u00bbfull\u00a0\u00bb style=\u00a0\u00bbvc_box_rounded\u00a0\u00bb onclick=\u00a0\u00bblink_image\u00a0\u00bb css=\u00a0\u00bb\u00a0\u00bb][\/vc_column_inner][\/vc_row_inner][\/vc_column][vc_column width=\u00a0\u00bb1\/2&Prime;][vc_single_image image=\u00a0\u00bb2551&Prime; img_size=\u00a0\u00bbfull\u00a0\u00bb style=\u00a0\u00bbvc_box_rounded\u00a0\u00bb onclick=\u00a0\u00bblink_image\u00a0\u00bb css=\u00a0\u00bb\u00a0\u00bb][\/vc_column][\/vc_row][vc_row][vc_column][vc_empty_space][\/vc_column][\/vc_row]<\/p>\n<\/div>","protected":false},"excerpt":{"rendered":"<p>[vc_row][vc_column][vc_empty_space][\/vc_column][\/vc_row][vc_row full_width=\u00a0\u00bbstretch_row_content\u00a0\u00bb][vc_column width=\u00a0\u00bb1\/2&Prime; css=\u00a0\u00bb.vc_custom_1727805812339{border-right-width: 1px !important;border-right-style: solid !important;border-color: #2D506F4D !important;}\u00a0\u00bb][vc_column_text css=\u00a0\u00bb\u00a0\u00bb]La semi-remorque \u00e0 d\u00e9chets, ou semi-remorque compacteur de d\u00e9chets, est une solution robuste et efficace con\u00e7ue pour la collecte, le transport et l&rsquo;\u00e9limination des d\u00e9chets municipaux et industriels. Con\u00e7ue pour traiter une large gamme de mat\u00e9riaux de d\u00e9chets, cette remorque assure une gestion des d\u00e9chets [&hellip;]<\/p>\n","protected":false},"author":1,"featured_media":0,"parent":0,"menu_order":0,"comment_status":"closed","ping_status":"closed","template":"","meta":{"footnotes":""},"class_list":["post-3657","page","type-page","status-publish","hentry"],"aioseo_notices":[],"_links":{"self":[{"href":"https:\/\/areltrailer.com\/fr\/wp-json\/wp\/v2\/pages\/3657","targetHints":{"allow":["GET"]}}],"collection":[{"href":"https:\/\/areltrailer.com\/fr\/wp-json\/wp\/v2\/pages"}],"about":[{"href":"https:\/\/areltrailer.com\/fr\/wp-json\/wp\/v2\/types\/page"}],"author":[{"embeddable":true,"href":"https:\/\/areltrailer.com\/fr\/wp-json\/wp\/v2\/users\/1"}],"replies":[{"embeddable":true,"href":"https:\/\/areltrailer.com\/fr\/wp-json\/wp\/v2\/comments?post=3657"}],"version-history":[{"count":0,"href":"https:\/\/areltrailer.com\/fr\/wp-json\/wp\/v2\/pages\/3657\/revisions"}],"wp:attachment":[{"href":"https:\/\/areltrailer.com\/fr\/wp-json\/wp\/v2\/media?parent=3657"}],"curies":[{"name":"wp","href":"https:\/\/api.w.org\/{rel}","templated":true}]}}