{"id":3661,"date":"2024-10-29T21:52:19","date_gmt":"2024-10-29T18:52:19","guid":{"rendered":"https:\/\/areltrailer.com\/semi-remorque-benne-cerealiere\/"},"modified":"2024-10-29T21:52:19","modified_gmt":"2024-10-29T18:52:19","slug":"semi-remorque-benne-cerealiere","status":"publish","type":"page","link":"https:\/\/areltrailer.com\/fr\/semi-remorque-benne-cerealiere\/","title":{"rendered":"SEMI-REMORQUE BENNE C\u00c9R\u00c9ALI\u00c8RE"},"content":{"rendered":"<div class=\"wpb-content-wrapper\"><p>[vc_row][vc_column][vc_empty_space][\/vc_column][\/vc_row][vc_row full_width=\u00a0\u00bbstretch_row_content\u00a0\u00bb][vc_column width=\u00a0\u00bb1\/2&Prime; css=\u00a0\u00bb.vc_custom_1727805812339{border-right-width: 1px !important;border-right-style: solid !important;border-color: #2D506F4D !important;}\u00a0\u00bb][vc_column_text css=\u00a0\u00bb\u00a0\u00bb]<strong>Semi-remorque benne c\u00e9r\u00e9ali\u00e8re<\/strong><\/p>\n<p>La <a href=\"https:\/\/areltrailer.com\/fr\/semi-remorque-benne-cerealiere\/\"><strong>semi-remorque benne c\u00e9r\u00e9ali\u00e8re<\/strong><\/a> est sp\u00e9cialement con\u00e7ue pour le transport et le d\u00e9chargement efficaces des c\u00e9r\u00e9ales et autres produits agricoles en vrac. Con\u00e7ue pour la durabilit\u00e9, la fonctionnalit\u00e9 et la facilit\u00e9 d&rsquo;utilisation, cette remorque assure des performances fiables dans les exploitations et les op\u00e9rations agricoles.<\/p>\n<p>&nbsp;<\/p>\n<ul>\n<li>Conception sur mesure<\/li>\n<li>Volume : 22 m\u00b3 &#8211; 85 m\u00b3<\/li>\n<li>Mat\u00e9riau : HARDOX 450 &#8211; TUF 500, DOMEX S700MC, S355JR<\/li>\n<li>Fabrication avec des dimensions et un type sp\u00e9ciaux selon votre demande<\/li>\n<li>Syst\u00e8mes d&rsquo;essieux auto-vireurs<\/li>\n<li>Nombre d&rsquo;essieux : 2-3-4-5-BOGIE<\/li>\n<li>Marque de l&rsquo;essieu : SAF &#8211; BPW &#8211; MPD &#8211; TRAX &#8211; OSMAN KOC &#8211; RELAX<\/li>\n<li>Capacit\u00e9 de l&rsquo;essieu : 12 \u2013 14 \u2013 16 tonnes<\/li>\n<li>Roues : (385\/65-R22,5) (12 R-22,5)<\/li>\n<li>Suspension : PNEUMATIQUE, M\u00c9CANIQUE<\/li>\n<li>Syst\u00e8mes de freinage : EBS ou ABS &#8212; WABCO &#8211; KNORR BREMSE &#8211; HALDEX<\/li>\n<li>Couleurs : Codes RAL \u00e0 la demande du client<\/li>\n<li>Syst\u00e8me \u00e9lectrique : Sa-Ba, Asp\u00f6ck<\/li>\n<\/ul>\n<p>[\/vc_column_text][\/vc_column][vc_column width=\u00a0\u00bb1\/2&Prime;][vc_row_inner][vc_column_inner width=\u00a0\u00bb1\/2&Prime;][vc_single_image image=\u00a0\u00bb2804&Prime; img_size=\u00a0\u00bbfull\u00a0\u00bb style=\u00a0\u00bbvc_box_rounded\u00a0\u00bb onclick=\u00a0\u00bblink_image\u00a0\u00bb css=\u00a0\u00bb\u00a0\u00bb][\/vc_column_inner][vc_column_inner width=\u00a0\u00bb1\/2&Prime;][vc_single_image image=\u00a0\u00bb2805&Prime; img_size=\u00a0\u00bbfull\u00a0\u00bb style=\u00a0\u00bbvc_box_rounded\u00a0\u00bb onclick=\u00a0\u00bblink_image\u00a0\u00bb css=\u00a0\u00bb\u00a0\u00bb][\/vc_column_inner][\/vc_row_inner][\/vc_column][vc_column width=\u00a0\u00bb1\/2&Prime;][vc_single_image image=\u00a0\u00bb2806&Prime; img_size=\u00a0\u00bbfull\u00a0\u00bb style=\u00a0\u00bbvc_box_rounded\u00a0\u00bb onclick=\u00a0\u00bblink_image\u00a0\u00bb css=\u00a0\u00bb\u00a0\u00bb][\/vc_column][\/vc_row][vc_row][vc_column][vc_empty_space][\/vc_column][\/vc_row]<\/p>\n<\/div>","protected":false},"excerpt":{"rendered":"<p>[vc_row][vc_column][vc_empty_space][\/vc_column][\/vc_row][vc_row full_width=\u00a0\u00bbstretch_row_content\u00a0\u00bb][vc_column width=\u00a0\u00bb1\/2&Prime; css=\u00a0\u00bb.vc_custom_1727805812339{border-right-width: 1px !important;border-right-style: solid !important;border-color: #2D506F4D !important;}\u00a0\u00bb][vc_column_text css=\u00a0\u00bb\u00a0\u00bb]Semi-remorque benne c\u00e9r\u00e9ali\u00e8re La semi-remorque benne c\u00e9r\u00e9ali\u00e8re est sp\u00e9cialement con\u00e7ue pour le transport et le d\u00e9chargement efficaces des c\u00e9r\u00e9ales et autres produits agricoles en vrac. Con\u00e7ue pour la durabilit\u00e9, la fonctionnalit\u00e9 et la facilit\u00e9 d&rsquo;utilisation, cette remorque assure des performances fiables dans les exploitations et [&hellip;]<\/p>\n","protected":false},"author":1,"featured_media":0,"parent":0,"menu_order":0,"comment_status":"closed","ping_status":"closed","template":"","meta":{"footnotes":""},"class_list":["post-3661","page","type-page","status-publish","hentry"],"aioseo_notices":[],"_links":{"self":[{"href":"https:\/\/areltrailer.com\/fr\/wp-json\/wp\/v2\/pages\/3661","targetHints":{"allow":["GET"]}}],"collection":[{"href":"https:\/\/areltrailer.com\/fr\/wp-json\/wp\/v2\/pages"}],"about":[{"href":"https:\/\/areltrailer.com\/fr\/wp-json\/wp\/v2\/types\/page"}],"author":[{"embeddable":true,"href":"https:\/\/areltrailer.com\/fr\/wp-json\/wp\/v2\/users\/1"}],"replies":[{"embeddable":true,"href":"https:\/\/areltrailer.com\/fr\/wp-json\/wp\/v2\/comments?post=3661"}],"version-history":[{"count":0,"href":"https:\/\/areltrailer.com\/fr\/wp-json\/wp\/v2\/pages\/3661\/revisions"}],"wp:attachment":[{"href":"https:\/\/areltrailer.com\/fr\/wp-json\/wp\/v2\/media?parent=3661"}],"curies":[{"name":"wp","href":"https:\/\/api.w.org\/{rel}","templated":true}]}}