{"id":3665,"date":"2024-10-29T21:56:52","date_gmt":"2024-10-29T18:56:52","guid":{"rendered":"https:\/\/areltrailer.com\/semi-remorque-benne-demi-ronde\/"},"modified":"2024-10-29T21:56:52","modified_gmt":"2024-10-29T18:56:52","slug":"semi-remorque-benne-demi-ronde","status":"publish","type":"page","link":"https:\/\/areltrailer.com\/fr\/semi-remorque-benne-demi-ronde\/","title":{"rendered":"SEMI-REMORQUE BENNE DEMI-RONDE"},"content":{"rendered":"<div class=\"wpb-content-wrapper\"><p>[vc_row][vc_column][vc_empty_space][\/vc_column][\/vc_row][vc_row full_width=\u00a0\u00bbstretch_row_content\u00a0\u00bb][vc_column width=\u00a0\u00bb1\/2&Prime; css=\u00a0\u00bb.vc_custom_1727805812339{border-right-width: 1px !important;border-right-style: solid !important;border-color: #2D506F4D !important;}\u00a0\u00bb][vc_column_text css=\u00a0\u00bb\u00a0\u00bb]Les <a href=\"https:\/\/areltrailer.com\/fr\/semi-remorque-benne-demi-ronde\/\">semi-remorques bennes<\/a>, de type BENNE DEMI-RONDE ou les <a href=\"https:\/\/areltrailer.com\/fr\/semi-remorque-benne-demi-ronde\/\">semi-remorques \u00e0 granulats<\/a>, sont con\u00e7ues pour le transport de granulats en vrac tels que le sable, le gravier, la pierre concass\u00e9e et d&rsquo;autres mat\u00e9riaux utilis\u00e9s dans la construction et la voirie. Ces remorques sont construites pour r\u00e9sister \u00e0 la nature lourde et abrasive des granulats et sont souvent dot\u00e9es de caract\u00e9ristiques sp\u00e9cialis\u00e9es pour un chargement, un transport et un d\u00e9chargement efficaces. Voici les sp\u00e9cifications typiques des semi-remorques \u00e0 granulats :<\/p>\n<p><strong>Utilisation<\/strong> : Terre, D\u00e9molition, Asphalte, Gravier, Grosses roches, Argile, Petites roches, Boue, Sable<\/p>\n<p>&nbsp;<\/p>\n<ul>\n<li>Conception sur mesure<\/li>\n<li>Volume : 22 m\u00b3 &#8211; 40 m\u00b3<\/li>\n<li>Mat\u00e9riau : HARDOX 450 &#8211; TUF 500, DOMEX S700MC, S355JR<\/li>\n<li>Fabrication avec des dimensions et un type sp\u00e9ciaux selon votre demande<\/li>\n<li>Syst\u00e8mes d&rsquo;essieux auto-vireurs<\/li>\n<li>Nombre d&rsquo;essieux : 2-3-4<\/li>\n<li>Marque de l&rsquo;essieu : SAF &#8211; BPW &#8211; MPD &#8211; TRAX &#8211; OSMAN KOC &#8211; RELAX<\/li>\n<li>Capacit\u00e9 de l&rsquo;essieu : 12 \u2013 14 \u2013 16 tonnes<\/li>\n<li>Roues : (385\/65-R22,5) (12 R-22,5)<\/li>\n<li>Suspension : PNEUMATIQUE, M\u00c9CANIQUE<\/li>\n<li>Syst\u00e8mes de freinage : EBS ou ABS &#8212; WABCO &#8211; KNORR BREMSE &#8211; HALDEX<\/li>\n<li>Couleurs : Codes RAL \u00e0 la demande du client<\/li>\n<li>Syst\u00e8me \u00e9lectrique : Sa-Ba, Asp\u00f6ck<\/li>\n<\/ul>\n<p>[\/vc_column_text][\/vc_column][vc_column width=\u00a0\u00bb1\/2&Prime;][vc_row_inner][vc_column_inner width=\u00a0\u00bb1\/2&Prime;][vc_single_image image=\u00a0\u00bb2810&Prime; img_size=\u00a0\u00bbfull\u00a0\u00bb style=\u00a0\u00bbvc_box_rounded\u00a0\u00bb onclick=\u00a0\u00bblink_image\u00a0\u00bb css=\u00a0\u00bb\u00a0\u00bb][\/vc_column_inner][vc_column_inner width=\u00a0\u00bb1\/2&Prime;][vc_single_image image=\u00a0\u00bb2809&Prime; img_size=\u00a0\u00bbfull\u00a0\u00bb style=\u00a0\u00bbvc_box_rounded\u00a0\u00bb onclick=\u00a0\u00bblink_image\u00a0\u00bb css=\u00a0\u00bb\u00a0\u00bb][\/vc_column_inner][\/vc_row_inner][\/vc_column][vc_column width=\u00a0\u00bb1\/2&Prime;][vc_single_image image=\u00a0\u00bb2811&Prime; img_size=\u00a0\u00bbfull\u00a0\u00bb style=\u00a0\u00bbvc_box_rounded\u00a0\u00bb onclick=\u00a0\u00bblink_image\u00a0\u00bb css=\u00a0\u00bb\u00a0\u00bb][\/vc_column][\/vc_row][vc_row][vc_column][vc_empty_space][\/vc_column][\/vc_row]<\/p>\n<\/div>","protected":false},"excerpt":{"rendered":"<p>[vc_row][vc_column][vc_empty_space][\/vc_column][\/vc_row][vc_row full_width=\u00a0\u00bbstretch_row_content\u00a0\u00bb][vc_column width=\u00a0\u00bb1\/2&Prime; css=\u00a0\u00bb.vc_custom_1727805812339{border-right-width: 1px !important;border-right-style: solid !important;border-color: #2D506F4D !important;}\u00a0\u00bb][vc_column_text css=\u00a0\u00bb\u00a0\u00bb]Les semi-remorques bennes, de type BENNE DEMI-RONDE ou les semi-remorques \u00e0 granulats, sont con\u00e7ues pour le transport de granulats en vrac tels que le sable, le gravier, la pierre concass\u00e9e et d&rsquo;autres mat\u00e9riaux utilis\u00e9s dans la construction et la voirie. Ces remorques sont construites pour [&hellip;]<\/p>\n","protected":false},"author":1,"featured_media":0,"parent":0,"menu_order":0,"comment_status":"closed","ping_status":"closed","template":"","meta":{"footnotes":""},"class_list":["post-3665","page","type-page","status-publish","hentry"],"aioseo_notices":[],"_links":{"self":[{"href":"https:\/\/areltrailer.com\/fr\/wp-json\/wp\/v2\/pages\/3665","targetHints":{"allow":["GET"]}}],"collection":[{"href":"https:\/\/areltrailer.com\/fr\/wp-json\/wp\/v2\/pages"}],"about":[{"href":"https:\/\/areltrailer.com\/fr\/wp-json\/wp\/v2\/types\/page"}],"author":[{"embeddable":true,"href":"https:\/\/areltrailer.com\/fr\/wp-json\/wp\/v2\/users\/1"}],"replies":[{"embeddable":true,"href":"https:\/\/areltrailer.com\/fr\/wp-json\/wp\/v2\/comments?post=3665"}],"version-history":[{"count":0,"href":"https:\/\/areltrailer.com\/fr\/wp-json\/wp\/v2\/pages\/3665\/revisions"}],"wp:attachment":[{"href":"https:\/\/areltrailer.com\/fr\/wp-json\/wp\/v2\/media?parent=3665"}],"curies":[{"name":"wp","href":"https:\/\/api.w.org\/{rel}","templated":true}]}}