{"id":3677,"date":"2024-10-21T22:32:45","date_gmt":"2024-10-21T19:32:45","guid":{"rendered":"https:\/\/areltrailer.com\/semi-remorque-betaillere\/"},"modified":"2024-10-21T22:32:45","modified_gmt":"2024-10-21T19:32:45","slug":"semi-remorque-betaillere","status":"publish","type":"page","link":"https:\/\/areltrailer.com\/fr\/semi-remorque-betaillere\/","title":{"rendered":"SEMI-REMORQUE B\u00c9TAILL\u00c8RE"},"content":{"rendered":"<div class=\"wpb-content-wrapper\"><p>[vc_row][vc_column][vc_empty_space][\/vc_column][\/vc_row][vc_row full_width=\u00a0\u00bbstretch_row_content\u00a0\u00bb][vc_column width=\u00a0\u00bb1\/2&Prime; css=\u00a0\u00bb.vc_custom_1727805812339{border-right-width: 1px !important;border-right-style: solid !important;border-color: #2D506F4D !important;}\u00a0\u00bb][vc_column_text css=\u00a0\u00bb\u00a0\u00bb]Les <a href=\"https:\/\/areltrailer.com\/fr\/semi-remorque-betaillere\/\">semi-remorques b\u00e9taill\u00e8res<\/a> (SEMI-REMORQUE B\u00c9TAILL\u00c8RE) sont con\u00e7ues pour le transport de grandes quantit\u00e9s de b\u00e9tail sur de longues distances et disposent g\u00e9n\u00e9ralement de caract\u00e9ristiques plus avanc\u00e9es que les remorques b\u00e9taill\u00e8res standard. Voici un aper\u00e7u d\u00e9taill\u00e9 des sp\u00e9cifications et des caract\u00e9ristiques \u00e0 prendre en compte :<\/p>\n<ul>\n<li>Conception sur mesure<\/li>\n<li>Double \u00e9tage<\/li>\n<li>Fabrication avec des dimensions et un type sp\u00e9ciaux selon votre demande<\/li>\n<\/ul>\n<p>Capacit\u00e9 : ~ 40 bovins *<\/p>\n<p>~ 300 ovins *<\/p>\n<ul>\n<li>Nombre d&rsquo;essieux : 2-3<\/li>\n<li>Marque de l&rsquo;essieu : SAF &#8211; BPW &#8211; MPD &#8211; TRAX &#8211; OSMAN KOC &#8211; RELAX<\/li>\n<li>Capacit\u00e9 de l&rsquo;essieu : 9 &#8211; 12 \u2013 14 \u2013 16 tonnes<\/li>\n<li>Roues : (245\/70-17,5) (385\/65-22,5) (12 R-22,5)<\/li>\n<li>Suspension : PNEUMATIQUE, M\u00c9CANIQUE<\/li>\n<li>Syst\u00e8mes de freinage : EBS ou ABS &#8212; WABCO &#8211; KNORR BREMSE &#8211; HALDEX<\/li>\n<li>Couleurs : Codes RAL \u00e0 la demande du client<\/li>\n<li>Syst\u00e8me \u00e9lectrique : Sa-Ba, Asp\u00f6ck<\/li>\n<\/ul>\n<p>[\/vc_column_text][\/vc_column][vc_column width=\u00a0\u00bb1\/2&Prime;][vc_row_inner][vc_column_inner width=\u00a0\u00bb1\/2&Prime;][vc_single_image image=\u00a0\u00bb2633&Prime; img_size=\u00a0\u00bbfull\u00a0\u00bb style=\u00a0\u00bbvc_box_rounded\u00a0\u00bb onclick=\u00a0\u00bblink_image\u00a0\u00bb css=\u00a0\u00bb\u00a0\u00bb][\/vc_column_inner][vc_column_inner width=\u00a0\u00bb1\/2&Prime;][vc_single_image image=\u00a0\u00bb2635&Prime; img_size=\u00a0\u00bbfull\u00a0\u00bb style=\u00a0\u00bbvc_box_rounded\u00a0\u00bb onclick=\u00a0\u00bblink_image\u00a0\u00bb css=\u00a0\u00bb\u00a0\u00bb][\/vc_column_inner][\/vc_row_inner][\/vc_column][vc_column width=\u00a0\u00bb1\/2&Prime;][vc_single_image image=\u00a0\u00bb2634&Prime; img_size=\u00a0\u00bbfull\u00a0\u00bb style=\u00a0\u00bbvc_box_rounded\u00a0\u00bb onclick=\u00a0\u00bblink_image\u00a0\u00bb css=\u00a0\u00bb\u00a0\u00bb][\/vc_column][\/vc_row][vc_row][vc_column][vc_empty_space][\/vc_column][\/vc_row]<\/p>\n<\/div>","protected":false},"excerpt":{"rendered":"<p>[vc_row][vc_column][vc_empty_space][\/vc_column][\/vc_row][vc_row full_width=\u00a0\u00bbstretch_row_content\u00a0\u00bb][vc_column width=\u00a0\u00bb1\/2&Prime; css=\u00a0\u00bb.vc_custom_1727805812339{border-right-width: 1px !important;border-right-style: solid !important;border-color: #2D506F4D !important;}\u00a0\u00bb][vc_column_text css=\u00a0\u00bb\u00a0\u00bb]Les semi-remorques b\u00e9taill\u00e8res (SEMI-REMORQUE B\u00c9TAILL\u00c8RE) sont con\u00e7ues pour le transport de grandes quantit\u00e9s de b\u00e9tail sur de longues distances et disposent g\u00e9n\u00e9ralement de caract\u00e9ristiques plus avanc\u00e9es que les remorques b\u00e9taill\u00e8res standard. Voici un aper\u00e7u d\u00e9taill\u00e9 des sp\u00e9cifications et des caract\u00e9ristiques \u00e0 prendre en compte : [&hellip;]<\/p>\n","protected":false},"author":1,"featured_media":0,"parent":0,"menu_order":0,"comment_status":"closed","ping_status":"closed","template":"","meta":{"footnotes":""},"class_list":["post-3677","page","type-page","status-publish","hentry"],"aioseo_notices":[],"_links":{"self":[{"href":"https:\/\/areltrailer.com\/fr\/wp-json\/wp\/v2\/pages\/3677","targetHints":{"allow":["GET"]}}],"collection":[{"href":"https:\/\/areltrailer.com\/fr\/wp-json\/wp\/v2\/pages"}],"about":[{"href":"https:\/\/areltrailer.com\/fr\/wp-json\/wp\/v2\/types\/page"}],"author":[{"embeddable":true,"href":"https:\/\/areltrailer.com\/fr\/wp-json\/wp\/v2\/users\/1"}],"replies":[{"embeddable":true,"href":"https:\/\/areltrailer.com\/fr\/wp-json\/wp\/v2\/comments?post=3677"}],"version-history":[{"count":0,"href":"https:\/\/areltrailer.com\/fr\/wp-json\/wp\/v2\/pages\/3677\/revisions"}],"wp:attachment":[{"href":"https:\/\/areltrailer.com\/fr\/wp-json\/wp\/v2\/media?parent=3677"}],"curies":[{"name":"wp","href":"https:\/\/api.w.org\/{rel}","templated":true}]}}