{"id":3706,"date":"2024-10-21T22:40:34","date_gmt":"2024-10-21T19:40:34","guid":{"rendered":"https:\/\/areltrailer.com\/semi-remorque-showroom-mobile\/"},"modified":"2024-10-21T22:40:34","modified_gmt":"2024-10-21T19:40:34","slug":"semi-remorque-showroom-mobile","status":"publish","type":"page","link":"https:\/\/areltrailer.com\/fr\/semi-remorque-showroom-mobile\/","title":{"rendered":"SEMI-REMORQUE SHOWROOM MOBILE"},"content":{"rendered":"<div class=\"wpb-content-wrapper\"><p>[vc_row][vc_column][vc_empty_space][\/vc_column][\/vc_row][vc_row full_width=\u00a0\u00bbstretch_row_content\u00a0\u00bb][vc_column width=\u00a0\u00bb1\/2&Prime; css=\u00a0\u00bb.vc_custom_1727805812339{border-right-width: 1px !important;border-right-style: solid !important;border-color: #2D506F4D !important;}\u00a0\u00bb][vc_column_text css=\u00a0\u00bb\u00a0\u00bb]<strong>Semi-remorque \u00e9v\u00e9nementielle et d&rsquo;exposition mobile<\/strong><\/p>\n<p>La <a href=\"https:\/\/areltrailer.com\/fr\/semi-remorque-showroom-mobile\/\"><strong>Semi-remorque \u00e9v\u00e9nementielle et d&rsquo;exposition mobile, <\/strong><\/a> <a href=\"https:\/\/areltrailer.com\/fr\/semi-remorque-showroom-mobile\/\">Semi-remorque showroom mobile<\/a> SEMI-REMORQUE SHOWROOM MOBILE est une solution de pointe et polyvalente con\u00e7ue pour amener les expositions, les salons professionnels et les \u00e9v\u00e9nements promotionnels directement \u00e0 votre public cible. Con\u00e7ue pour un impact et une flexibilit\u00e9 maximum, cette remorque se transforme en un lieu dynamique et enti\u00e8rement \u00e9quip\u00e9 pour pr\u00e9senter des produits, interagir avec les visiteurs et organiser des pr\u00e9sentations interactives.<\/p>\n<ul>\n<li>Conception sur mesure<\/li>\n<li>Fabrication avec des dimensions et un type sp\u00e9cifiques selon votre demande<\/li>\n<li>Nombre d&rsquo;essieux : 2-3-4-5<\/li>\n<li>Marque des essieux : \u00a0\u00a0\u00a0\u00a0\u00a0\u00a0\u00a0\u00a0\u00a0 SAF &#8211; BPW &#8211; MPD -TRAX &#8211;\u00a0 OSMAN KOC &#8211; RELAX<\/li>\n<li>Capacit\u00e9 des essieux : 9 &#8211; 12 \u2013 14 \u2013 16 tonnes<\/li>\n<li>Roues : (245\/70-17,5) (385\/65-22,5)\u00a0\u00a0 (12 R-22,5)<\/li>\n<li>Suspension : PNEUMATIQUE, M\u00c9CANIQUE<\/li>\n<li>Longueur ext\u00e9rieure : 11.500 \u2013 15.000 mm<\/li>\n<li>Longueur de la plateforme : 8.000 \u2013 12.500 mm<\/li>\n<li>Largeur de la plateforme : 2.500 + 600 mm \u2013 3.500 + 600 mm (Largeur \/ Extensions lat\u00e9rales)<\/li>\n<li>Hauteur de la plateforme : 700 mm \u2013 1100 mm<\/li>\n<li>Plateforme extensible : +3.000 mm \/ + 14.000 mm<\/li>\n<li>Syst\u00e8mes de freinage : EBS ou ABS &#8212; WABCO &#8211; KNORR BREMSE &#8211; HALDEX<\/li>\n<li>Couleurs : Codes RAL \u00e0 la demande du client<\/li>\n<li>Syst\u00e8me \u00e9lectrique : Sa-Ba, Asp\u00f6ck<\/li>\n<\/ul>\n<p>[\/vc_column_text][\/vc_column][vc_column width=\u00a0\u00bb1\/2&Prime;][vc_row_inner][vc_column_inner width=\u00a0\u00bb1\/2&Prime;][vc_single_image image=\u00a0\u00bb2640&Prime; img_size=\u00a0\u00bbfull\u00a0\u00bb style=\u00a0\u00bbvc_box_rounded\u00a0\u00bb onclick=\u00a0\u00bblink_image\u00a0\u00bb css=\u00a0\u00bb\u00a0\u00bb][\/vc_column_inner][vc_column_inner width=\u00a0\u00bb1\/2&Prime;][vc_single_image image=\u00a0\u00bb2639&Prime; img_size=\u00a0\u00bbfull\u00a0\u00bb style=\u00a0\u00bbvc_box_rounded\u00a0\u00bb onclick=\u00a0\u00bblink_image\u00a0\u00bb css=\u00a0\u00bb\u00a0\u00bb][\/vc_column_inner][\/vc_row_inner][\/vc_column][vc_column width=\u00a0\u00bb1\/2&Prime;][vc_single_image image=\u00a0\u00bb2638&Prime; img_size=\u00a0\u00bbfull\u00a0\u00bb style=\u00a0\u00bbvc_box_rounded\u00a0\u00bb onclick=\u00a0\u00bblink_image\u00a0\u00bb css=\u00a0\u00bb\u00a0\u00bb][\/vc_column][\/vc_row][vc_row][vc_column][vc_empty_space][\/vc_column][\/vc_row]<\/p>\n<\/div>","protected":false},"excerpt":{"rendered":"<p>[vc_row][vc_column][vc_empty_space][\/vc_column][\/vc_row][vc_row full_width=\u00a0\u00bbstretch_row_content\u00a0\u00bb][vc_column width=\u00a0\u00bb1\/2&Prime; css=\u00a0\u00bb.vc_custom_1727805812339{border-right-width: 1px !important;border-right-style: solid !important;border-color: #2D506F4D !important;}\u00a0\u00bb][vc_column_text css=\u00a0\u00bb\u00a0\u00bb]Semi-remorque \u00e9v\u00e9nementielle et d&rsquo;exposition mobile La Semi-remorque \u00e9v\u00e9nementielle et d&rsquo;exposition mobile, Semi-remorque showroom mobile SEMI-REMORQUE SHOWROOM MOBILE est une solution de pointe et polyvalente con\u00e7ue pour amener les expositions, les salons professionnels et les \u00e9v\u00e9nements promotionnels directement \u00e0 votre public cible. Con\u00e7ue pour un impact [&hellip;]<\/p>\n","protected":false},"author":1,"featured_media":0,"parent":0,"menu_order":0,"comment_status":"closed","ping_status":"closed","template":"","meta":{"footnotes":""},"class_list":["post-3706","page","type-page","status-publish","hentry"],"aioseo_notices":[],"_links":{"self":[{"href":"https:\/\/areltrailer.com\/fr\/wp-json\/wp\/v2\/pages\/3706","targetHints":{"allow":["GET"]}}],"collection":[{"href":"https:\/\/areltrailer.com\/fr\/wp-json\/wp\/v2\/pages"}],"about":[{"href":"https:\/\/areltrailer.com\/fr\/wp-json\/wp\/v2\/types\/page"}],"author":[{"embeddable":true,"href":"https:\/\/areltrailer.com\/fr\/wp-json\/wp\/v2\/users\/1"}],"replies":[{"embeddable":true,"href":"https:\/\/areltrailer.com\/fr\/wp-json\/wp\/v2\/comments?post=3706"}],"version-history":[{"count":0,"href":"https:\/\/areltrailer.com\/fr\/wp-json\/wp\/v2\/pages\/3706\/revisions"}],"wp:attachment":[{"href":"https:\/\/areltrailer.com\/fr\/wp-json\/wp\/v2\/media?parent=3706"}],"curies":[{"name":"wp","href":"https:\/\/api.w.org\/{rel}","templated":true}]}}