{"id":3717,"date":"2024-10-16T23:58:31","date_gmt":"2024-10-16T20:58:31","guid":{"rendered":"https:\/\/areltrailer.com\/remorque-pour-fers-a-beton\/"},"modified":"2024-10-16T23:58:31","modified_gmt":"2024-10-16T20:58:31","slug":"remorque-pour-fers-a-beton","status":"publish","type":"page","link":"https:\/\/areltrailer.com\/fr\/remorque-pour-fers-a-beton\/","title":{"rendered":"REMORQUE POUR FERS \u00c0 B\u00c9TON"},"content":{"rendered":"<div class=\"wpb-content-wrapper\"><p>[vc_row][vc_column][vc_empty_space][\/vc_column][\/vc_row][vc_row full_width=\u00a0\u00bbstretch_row_content\u00a0\u00bb][vc_column width=\u00a0\u00bb1\/2&Prime; css=\u00a0\u00bb.vc_custom_1727805812339{border-right-width: 1px !important;border-right-style: solid !important;border-color: #2D506F4D !important;}\u00a0\u00bb][vc_column_text css=\u00a0\u00bb\u00a0\u00bb]<\/p>\n<h3><strong>Remorque pour fers \u00e0 b\u00e9ton<\/strong><\/h3>\n<p>La <a href=\"https:\/\/areltrailer.com\/fr\/remorque-pour-fers-a-beton\/\"><strong>remorque pour fers \u00e0 b\u00e9ton<\/strong><\/a> est sp\u00e9cialement con\u00e7ue pour le transport et la manutention efficaces des barres d&rsquo;armature en acier (fers \u00e0 b\u00e9ton) utilis\u00e9es dans les projets de construction. Con\u00e7ue pour la durabilit\u00e9 et la facilit\u00e9 d&rsquo;utilisation, cette remorque est un outil essentiel pour les entreprises de construction, les fournisseurs d&rsquo;acier et les entrepreneurs impliqu\u00e9s dans des projets de construction et d&rsquo;infrastructure \u00e0 grande \u00e9chelle.<\/p>\n<ul>\n<li>Conception sur mesure<\/li>\n<li>Remorque \u00e0 plateforme basculante sur 2 c\u00f4t\u00e9s<\/li>\n<li>Fabrication avec des dimensions et un type sp\u00e9cifiques selon votre demande<\/li>\n<li>Syst\u00e8mes de direction hydraulique (en option)<\/li>\n<li>Syst\u00e8mes d&rsquo;essieux auto-vireurs<\/li>\n<li>Extensible (en option)<\/li>\n<li>VERROUILLAGE TOURNANT (en option)<\/li>\n<li>Nombre d&rsquo;essieux : 2-3-4-5<\/li>\n<li>Marque des essieux : \u00a0\u00a0\u00a0\u00a0\u00a0\u00a0 SAF &#8211; BPW &#8211; MPD -TRAX &#8211;\u00a0 OSMAN KOC &#8211; RELAX<\/li>\n<li>Capacit\u00e9 des essieux : 9 &#8211; 12 \u2013 14 \u2013 16 tonnes<\/li>\n<li>Roues : (235\/75-19,5) (385\/65-R22,5)\u00a0\u00a0 (12 R-22,5)<\/li>\n<li>Suspension : PNEUMATIQUE, M\u00c9CANIQUE<\/li>\n<li>Longueur ext\u00e9rieure : 11.500 \u2013 21.000 mm<\/li>\n<li>Largeur de la plateforme : 2.500 + 600 mm \u2013( Largeur \/ Extensions lat\u00e9rales )<\/li>\n<li>Hauteur de la plateforme : 700 mm \u2013 1100 mm<\/li>\n<li>Plateforme extensible : +3.000 mm \/ + 14.000 mm<\/li>\n<li>Syst\u00e8mes de freinage : EBS ou ABS &#8212; WABCO &#8211; KNORR BREMSE &#8211; HALDEX<\/li>\n<li>Couleurs : Codes RAL \u00e0 la demande du client<\/li>\n<li>Syst\u00e8me \u00e9lectrique : Sa-Ba, Asp\u00f6ck<\/li>\n<\/ul>\n<p>[\/vc_column_text][\/vc_column][vc_column width=\u00a0\u00bb1\/2&Prime;][vc_row_inner][vc_column_inner width=\u00a0\u00bb1\/2&Prime;][vc_single_image image=\u00a0\u00bb2569&Prime; img_size=\u00a0\u00bbfull\u00a0\u00bb style=\u00a0\u00bbvc_box_rounded\u00a0\u00bb onclick=\u00a0\u00bblink_image\u00a0\u00bb css=\u00a0\u00bb\u00a0\u00bb][\/vc_column_inner][vc_column_inner width=\u00a0\u00bb1\/2&Prime;][vc_single_image image=\u00a0\u00bb2571&Prime; img_size=\u00a0\u00bbfull\u00a0\u00bb style=\u00a0\u00bbvc_box_rounded\u00a0\u00bb onclick=\u00a0\u00bblink_image\u00a0\u00bb css=\u00a0\u00bb\u00a0\u00bb][\/vc_column_inner][\/vc_row_inner][\/vc_column][vc_column width=\u00a0\u00bb1\/2&Prime;][vc_single_image image=\u00a0\u00bb2572&Prime; img_size=\u00a0\u00bbfull\u00a0\u00bb style=\u00a0\u00bbvc_box_rounded\u00a0\u00bb onclick=\u00a0\u00bblink_image\u00a0\u00bb css=\u00a0\u00bb\u00a0\u00bb][\/vc_column][\/vc_row][vc_row][vc_column][vc_empty_space][\/vc_column][\/vc_row]<\/p>\n<\/div>","protected":false},"excerpt":{"rendered":"<p>[vc_row][vc_column][vc_empty_space][\/vc_column][\/vc_row][vc_row full_width=\u00a0\u00bbstretch_row_content\u00a0\u00bb][vc_column width=\u00a0\u00bb1\/2&Prime; css=\u00a0\u00bb.vc_custom_1727805812339{border-right-width: 1px !important;border-right-style: solid !important;border-color: #2D506F4D !important;}\u00a0\u00bb][vc_column_text css=\u00a0\u00bb\u00a0\u00bb] Remorque pour fers \u00e0 b\u00e9ton La remorque pour fers \u00e0 b\u00e9ton est sp\u00e9cialement con\u00e7ue pour le transport et la manutention efficaces des barres d&rsquo;armature en acier (fers \u00e0 b\u00e9ton) utilis\u00e9es dans les projets de construction. Con\u00e7ue pour la durabilit\u00e9 et la facilit\u00e9 d&rsquo;utilisation, cette [&hellip;]<\/p>\n","protected":false},"author":1,"featured_media":0,"parent":0,"menu_order":0,"comment_status":"closed","ping_status":"closed","template":"","meta":{"footnotes":""},"class_list":["post-3717","page","type-page","status-publish","hentry"],"aioseo_notices":[],"_links":{"self":[{"href":"https:\/\/areltrailer.com\/fr\/wp-json\/wp\/v2\/pages\/3717","targetHints":{"allow":["GET"]}}],"collection":[{"href":"https:\/\/areltrailer.com\/fr\/wp-json\/wp\/v2\/pages"}],"about":[{"href":"https:\/\/areltrailer.com\/fr\/wp-json\/wp\/v2\/types\/page"}],"author":[{"embeddable":true,"href":"https:\/\/areltrailer.com\/fr\/wp-json\/wp\/v2\/users\/1"}],"replies":[{"embeddable":true,"href":"https:\/\/areltrailer.com\/fr\/wp-json\/wp\/v2\/comments?post=3717"}],"version-history":[{"count":0,"href":"https:\/\/areltrailer.com\/fr\/wp-json\/wp\/v2\/pages\/3717\/revisions"}],"wp:attachment":[{"href":"https:\/\/areltrailer.com\/fr\/wp-json\/wp\/v2\/media?parent=3717"}],"curies":[{"name":"wp","href":"https:\/\/api.w.org\/{rel}","templated":true}]}}