{"id":3726,"date":"2018-07-08T03:11:42","date_gmt":"2018-07-08T00:11:42","guid":{"rendered":"https:\/\/areltrailer.com\/semi-remorques\/"},"modified":"2018-07-08T03:11:42","modified_gmt":"2018-07-08T00:11:42","slug":"semi-remorques","status":"publish","type":"page","link":"https:\/\/areltrailer.com\/fr\/semi-remorques\/","title":{"rendered":"Semi-remorques"},"content":{"rendered":"<div class=\"wpb-content-wrapper\"><p>[vc_row][vc_column][vc_empty_space][\/vc_column][\/vc_row][vc_row full_width=\u00a0\u00bbstretch_row_content\u00a0\u00bb][vc_column width=\u00a0\u00bb1\/5&Prime; css=\u00a0\u00bb.vc_custom_1727805812339{border-right-width: 1px !important;border-right-style: solid !important;border-color: #2D506F4D !important;}\u00a0\u00bb][vc_single_image image=\u00a0\u00bb3209&Prime; img_size=\u00a0\u00bbfull\u00a0\u00bb alignment=\u00a0\u00bbcenter\u00a0\u00bb style=\u00a0\u00bbvc_box_rounded\u00a0\u00bb onclick=\u00a0\u00bbcustom_link\u00a0\u00bb css=\u00a0\u00bb\u00a0\u00bb el_class=\u00a0\u00bbdorse\u00a0\u00bb link=\u00a0\u00bbhttps:\/\/areltrailer.com\/lowbed-trailers\/\u00a0\u00bb]\n        <div class=\"twt-wrap vc_custom_1729171121560\">\n            <h1 style=\"color:#2D506F;font-size: 20px\">SEMI-REMORQUES SURBAISS\u00c9ES<\/h1>\n            Les semi-remorques surbaiss\u00e9es sont con\u00e7ues pour transporter des charges lourdes et hors gabarit, de 2 \u00e0 8 essieux.\n        <\/div>\n    [\/vc_column][vc_column width=\u00a0\u00bb1\/5&Prime; css=\u00a0\u00bb.vc_custom_1727805817829{border-right-width: 1px !important;border-right-style: solid !important;border-color: #2D506F4D !important;}\u00a0\u00bb][vc_single_image image=\u00a0\u00bb2297&Prime; img_size=\u00a0\u00bbfull\u00a0\u00bb alignment=\u00a0\u00bbcenter\u00a0\u00bb style=\u00a0\u00bbvc_box_rounded\u00a0\u00bb onclick=\u00a0\u00bbcustom_link\u00a0\u00bb css=\u00a0\u00bb\u00a0\u00bb el_class=\u00a0\u00bbdorse\u00a0\u00bb link=\u00a0\u00bbhttps:\/\/areltrailer.com\/drawbar-trailers\/\u00a0\u00bb]\n        <div class=\"twt-wrap vc_custom_1729171081326\">\n            <h1 style=\"color:#2D506F;font-size: 20px\">REMORQUES \u00c0 TIMON<\/h1>\n            Remorques \u00e0 timon de 2 \u00e0 5 essieux, adapt\u00e9es \u00e0 diverses industries, y compris la construction, l&rsquo;agriculture et la logistique.\n        <\/div>\n    [\/vc_column][vc_column width=\u00a0\u00bb1\/5&Prime; css=\u00a0\u00bb.vc_custom_1727805821852{border-right-width: 1px !important;border-right-style: solid !important;border-color: #2D506F4D !important;}\u00a0\u00bb][vc_single_image image=\u00a0\u00bb2298&Prime; img_size=\u00a0\u00bbfull\u00a0\u00bb alignment=\u00a0\u00bbcenter\u00a0\u00bb style=\u00a0\u00bbvc_box_rounded\u00a0\u00bb onclick=\u00a0\u00bbcustom_link\u00a0\u00bb css=\u00a0\u00bb\u00a0\u00bb el_class=\u00a0\u00bbdorse\u00a0\u00bb link=\u00a0\u00bbhttps:\/\/areltrailer.com\/tipper-trailers\/\u00a0\u00bb]\n        <div class=\"twt-wrap vc_custom_1729171217919\">\n            <h1 style=\"color:#2D506F;font-size: 20px\">SEMI-REMORQUES BASCULANTES<\/h1>\n            SEMI-REMORQUE BASCULANTE con\u00e7ue pour la ferraille, les d\u00e9chets plastiques, le transport de c\u00e9r\u00e9ales et le clinker, la pierre, la roche de construction.\n        <\/div>\n    [\/vc_column][vc_column width=\u00a0\u00bb1\/5&Prime; css=\u00a0\u00bb.vc_custom_1727805825455{border-right-width: 1px !important;border-right-style: solid !important;border-color: #2D506F4D !important;}\u00a0\u00bb][vc_single_image image=\u00a0\u00bb2300&Prime; img_size=\u00a0\u00bbfull\u00a0\u00bb alignment=\u00a0\u00bbcenter\u00a0\u00bb style=\u00a0\u00bbvc_box_rounded\u00a0\u00bb onclick=\u00a0\u00bbcustom_link\u00a0\u00bb css=\u00a0\u00bb\u00a0\u00bb el_class=\u00a0\u00bbdorse\u00a0\u00bb link=\u00a0\u00bbhttps:\/\/areltrailer.com\/container-trailers\/\u00a0\u00bb]\n        <div class=\"twt-wrap vc_custom_1729171035962\">\n            <h1 style=\"color:#2D506F;font-size: 20px\">PORTE-CONTENEURS<\/h1>\n            Remorque porte-conteneurs (squelettique) pour le transport de conteneurs de 20, 30, 40 ou 45 pieds.\n        <\/div>\n    [\/vc_column][vc_column width=\u00a0\u00bb1\/5&Prime;][vc_single_image image=\u00a0\u00bb2301&Prime; img_size=\u00a0\u00bbfull\u00a0\u00bb alignment=\u00a0\u00bbcenter\u00a0\u00bb style=\u00a0\u00bbvc_box_rounded\u00a0\u00bb onclick=\u00a0\u00bbcustom_link\u00a0\u00bb css=\u00a0\u00bb\u00a0\u00bb el_class=\u00a0\u00bbdorse\u00a0\u00bb link=\u00a0\u00bbhttps:\/\/areltrailer.com\/platform-trailers\/\u00a0\u00bb]\n        <div class=\"twt-wrap vc_custom_1729171149905\">\n            <h1 style=\"color:#2D506F;font-size: 20px\">SEMI-REMORQUES PLATEAUX<\/h1>\n            Semi-remorques \u00e0 plateau, utilis\u00e9es pour le transport de machines et d&rsquo;articles volumineux et encombrants. Essieu directeur.\n        <\/div>\n    [\/vc_column][\/vc_row][vc_row][vc_column][vc_empty_space][\/vc_column][\/vc_row][vc_row full_width=\u00a0\u00bbstretch_row_content\u00a0\u00bb][vc_column width=\u00a0\u00bb1\/5&Prime; css=\u00a0\u00bb.vc_custom_1727805812339{border-right-width: 1px !important;border-right-style: solid !important;border-color: #2D506F4D !important;}\u00a0\u00bb][vc_single_image image=\u00a0\u00bb2325&Prime; img_size=\u00a0\u00bbfull\u00a0\u00bb alignment=\u00a0\u00bbcenter\u00a0\u00bb style=\u00a0\u00bbvc_box_rounded\u00a0\u00bb onclick=\u00a0\u00bbcustom_link\u00a0\u00bb css=\u00a0\u00bb\u00a0\u00bb el_class=\u00a0\u00bbdorse\u00a0\u00bb link=\u00a0\u00bbhttps:\/\/areltrailer.com\/cement-bulker-trailers\/\u00a0\u00bb]\n        <div class=\"twt-wrap vc_custom_1729171015163\">\n            <h1 style=\"color:#2D506F;font-size: 20px\">SEMI-REMORQUES CITERNE \u00c0 CIMENT<\/h1>\n            La remorque pour vrac est utilis\u00e9e pour le transport de ciment sec, de chaux, de cendres, de sable, de farine, de varech et de talc industriel.\n        <\/div>\n    [\/vc_column][vc_column width=\u00a0\u00bb1\/5&Prime; css=\u00a0\u00bb.vc_custom_1727805817829{border-right-width: 1px !important;border-right-style: solid !important;border-color: #2D506F4D !important;}\u00a0\u00bb][vc_single_image image=\u00a0\u00bb3138&Prime; img_size=\u00a0\u00bbfull\u00a0\u00bb alignment=\u00a0\u00bbcenter\u00a0\u00bb style=\u00a0\u00bbvc_box_rounded\u00a0\u00bb onclick=\u00a0\u00bbcustom_link\u00a0\u00bb css=\u00a0\u00bb\u00a0\u00bb el_class=\u00a0\u00bbdorse\u00a0\u00bb link=\u00a0\u00bbhttps:\/\/areltrailer.com\/tanker-semi-trailers\/\u00a0\u00bb]\n        <div class=\"twt-wrap vc_custom_1729171179845\">\n            <h1 style=\"color:#2D506F;font-size: 20px\">SEMI-REMORQUES CITERNE<\/h1>\n            Transport par semi-remorque citerne pour : fioul, alcool, huile de palme, bitume &#8211; asphalte, acide, p\u00e9trole, denr\u00e9es alimentaires, produits chimiques.\n        <\/div>\n    [\/vc_column][vc_column width=\u00a0\u00bb1\/5&Prime; css=\u00a0\u00bb.vc_custom_1727805821852{border-right-width: 1px !important;border-right-style: solid !important;border-color: #2D506F4D !important;}\u00a0\u00bb][vc_single_image image=\u00a0\u00bb2327&Prime; img_size=\u00a0\u00bbfull\u00a0\u00bb alignment=\u00a0\u00bbcenter\u00a0\u00bb style=\u00a0\u00bbvc_box_rounded\u00a0\u00bb onclick=\u00a0\u00bbcustom_link\u00a0\u00bb css=\u00a0\u00bb\u00a0\u00bb el_class=\u00a0\u00bbdorse\u00a0\u00bb link=\u00a0\u00bbhttps:\/\/areltrailer.com\/bulk-feed-silo-trailer\/\u00a0\u00bb]\n        <div class=\"twt-wrap vc_custom_1729170965078\">\n            <h1 style=\"color:#2D506F;font-size: 20px\">SEMI-REMORQUES SILO POUR ALIMENTS<\/h1>\n            Utilis\u00e9es pour le transport de grandes quantit\u00e9s d&rsquo;aliments pour animaux, y compris des c\u00e9r\u00e9ales, des granul\u00e9s et d&rsquo;autres mat\u00e9riaux en vrac.\n        <\/div>\n    [\/vc_column][vc_column width=\u00a0\u00bb1\/5&Prime; css=\u00a0\u00bb.vc_custom_1727805825455{border-right-width: 1px !important;border-right-style: solid !important;border-color: #2D506F4D !important;}\u00a0\u00bb][vc_single_image image=\u00a0\u00bb3164&Prime; img_size=\u00a0\u00bbfull\u00a0\u00bb alignment=\u00a0\u00bbcenter\u00a0\u00bb style=\u00a0\u00bbvc_box_rounded\u00a0\u00bb onclick=\u00a0\u00bbcustom_link\u00a0\u00bb css=\u00a0\u00bb\u00a0\u00bb el_class=\u00a0\u00bbdorse\u00a0\u00bb link=\u00a0\u00bbhttps:\/\/areltrailer.com\/mixer-trailers\/\u00a0\u00bb]\n        <div class=\"twt-wrap vc_custom_1729171133490\">\n            <h1 style=\"color:#2D506F;font-size: 20px\">SEMI-REMORQUES MALAXEURS<\/h1>\n            Les semi-remorques malaxeurs, couramment utilis\u00e9es dans la construction, sont con\u00e7ues pour transporter et m\u00e9langer le b\u00e9ton sur site. 12 m\u00b3 &#8211; 16 m\u00b3.\n        <\/div>\n    [\/vc_column][vc_column width=\u00a0\u00bb1\/5&Prime;][vc_single_image image=\u00a0\u00bb2329&Prime; img_size=\u00a0\u00bbfull\u00a0\u00bb alignment=\u00a0\u00bbcenter\u00a0\u00bb style=\u00a0\u00bbvc_box_rounded\u00a0\u00bb onclick=\u00a0\u00bbcustom_link\u00a0\u00bb css=\u00a0\u00bb\u00a0\u00bb el_class=\u00a0\u00bbdorse\u00a0\u00bb link=\u00a0\u00bbhttps:\/\/areltrailer.com\/timber-trailer\/\u00a0\u00bb]\n        <div class=\"twt-wrap vc_custom_1729171191697\">\n            <h1 style=\"color:#2D506F;font-size: 20px\">REMORQUES GRUMI\u00c8RES<\/h1>\n            La remorque grumi\u00e8re (remorque \u00e0 ranchers) est con\u00e7ue pour le transport de bois de grume et de bois de sciage, ainsi que de produits d\u00e9riv\u00e9s du bois.\n        <\/div>\n    [\/vc_column][\/vc_row][vc_row][vc_column][vc_empty_space][\/vc_column][\/vc_row][vc_row full_width=\u00a0\u00bbstretch_row_content\u00a0\u00bb][vc_column width=\u00a0\u00bb1\/5&Prime; css=\u00a0\u00bb.vc_custom_1727805812339{border-right-width: 1px !important;border-right-style: solid !important;border-color: #2D506F4D !important;}\u00a0\u00bb][vc_single_image image=\u00a0\u00bb2332&Prime; img_size=\u00a0\u00bbfull\u00a0\u00bb alignment=\u00a0\u00bbcenter\u00a0\u00bb style=\u00a0\u00bbvc_box_rounded\u00a0\u00bb onclick=\u00a0\u00bbcustom_link\u00a0\u00bb css=\u00a0\u00bb\u00a0\u00bb el_class=\u00a0\u00bbdorse\u00a0\u00bb link=\u00a0\u00bbhttps:\/\/areltrailer.com\/custom-trailers\/\u00a0\u00bb]\n        <div class=\"twt-wrap vc_custom_1729171056816\">\n            <h1 style=\"color:#2D506F;font-size: 20px\">REMORQUES SUR MESURE<\/h1>\n            Con\u00e7ues pour : exposition mobile, semi-remorque \u00e9v\u00e9nementielle, camion d&rsquo;exposition itin\u00e9rant, remorque de sant\u00e9 mobile.\n        <\/div>\n    [\/vc_column][vc_column width=\u00a0\u00bb1\/5&Prime; css=\u00a0\u00bb.vc_custom_1727805817829{border-right-width: 1px !important;border-right-style: solid !important;border-color: #2D506F4D !important;}\u00a0\u00bb][vc_single_image image=\u00a0\u00bb2333&Prime; img_size=\u00a0\u00bbfull\u00a0\u00bb alignment=\u00a0\u00bbcenter\u00a0\u00bb style=\u00a0\u00bbvc_box_rounded\u00a0\u00bb onclick=\u00a0\u00bbcustom_link\u00a0\u00bb css=\u00a0\u00bb\u00a0\u00bb el_class=\u00a0\u00bbdorse\u00a0\u00bb link=\u00a0\u00bbhttps:\/\/areltrailer.com\/rebar-trailer\/\u00a0\u00bb]\n        <div class=\"twt-wrap vc_custom_1729171163382\">\n            <h1 style=\"color:#2D506F;font-size: 20px\">REMORQUES BASCULANTES LAT\u00c9RALES POUR FERS \u00c0 B\u00c9TON<\/h1>\n            La remorque pour fers \u00e0 b\u00e9ton est con\u00e7ue pour les barres d&rsquo;armature en acier utilis\u00e9es dans les projets de construction. Basculement lat\u00e9ral.\n        <\/div>\n    [\/vc_column][vc_column width=\u00a0\u00bb1\/5&Prime; css=\u00a0\u00bb.vc_custom_1727805821852{border-right-width: 1px !important;border-right-style: solid !important;border-color: #2D506F4D !important;}\u00a0\u00bb][vc_single_image image=\u00a0\u00bb2334&Prime; img_size=\u00a0\u00bbfull\u00a0\u00bb alignment=\u00a0\u00bbcenter\u00a0\u00bb style=\u00a0\u00bbvc_box_rounded\u00a0\u00bb onclick=\u00a0\u00bbcustom_link\u00a0\u00bb css=\u00a0\u00bb\u00a0\u00bb el_class=\u00a0\u00bbdorse\u00a0\u00bb link=\u00a0\u00bbhttps:\/\/areltrailer.com\/tipper-truck-body\/\u00a0\u00bb]\n        <div class=\"twt-wrap vc_custom_1729171239167\">\n            <h1 style=\"color:#2D506F;font-size: 20px\">CARROSSERIE DE CAMION BENNE<\/h1>\n            Un camion benne est con\u00e7u pour transporter des mat\u00e9riaux en vrac comme le gravier, le sable ou les d\u00e9bris de construction.\n        <\/div>\n    [\/vc_column][vc_column width=\u00a0\u00bb1\/5&Prime; css=\u00a0\u00bb.vc_custom_1727805825455{border-right-width: 1px !important;border-right-style: solid !important;border-color: #2D506F4D !important;}\u00a0\u00bb][vc_single_image image=\u00a0\u00bb2701&Prime; img_size=\u00a0\u00bbfull\u00a0\u00bb alignment=\u00a0\u00bbcenter\u00a0\u00bb style=\u00a0\u00bbvc_box_rounded\u00a0\u00bb onclick=\u00a0\u00bbcustom_link\u00a0\u00bb css=\u00a0\u00bb\u00a0\u00bb el_class=\u00a0\u00bbdorse\u00a0\u00bb link=\u00a0\u00bbhttps:\/\/areltrailer.com\/garbage-compactor-semi-trailer\/\u00a0\u00bb]\n        <div class=\"twt-wrap vc_custom_1729171099920\">\n            <h1 style=\"color:#2D506F;font-size: 20px\">REMORQUES \u00c0 ORDURES<\/h1>\n            Con\u00e7ue pour traiter une large gamme de d\u00e9chets, cette remorque est destin\u00e9e aux villes et aux entreprises de gestion des d\u00e9chets.\n        <\/div>\n    [\/vc_column][vc_column width=\u00a0\u00bb1\/5&Prime;][vc_single_image image=\u00a0\u00bb2335&Prime; img_size=\u00a0\u00bbfull\u00a0\u00bb alignment=\u00a0\u00bbcenter\u00a0\u00bb style=\u00a0\u00bbvc_box_rounded\u00a0\u00bb onclick=\u00a0\u00bbcustom_link\u00a0\u00bb css=\u00a0\u00bb\u00a0\u00bb el_class=\u00a0\u00bbdorse\u00a0\u00bb link=\u00a0\u00bbhttps:\/\/areltrailer.com\/hopper-grain-trailers\/\u00a0\u00bb]\n        <div class=\"twt-wrap vc_custom_1729171109939\">\n            <h1 style=\"color:#2D506F;font-size: 20px\">REMORQUES TR\u00c9MIE \u00c0 C\u00c9R\u00c9ALES<\/h1>\n            La remorque tr\u00e9mie est con\u00e7ue pour le transport de c\u00e9r\u00e9ales, d&rsquo;orge, de bl\u00e9 et de lentilles.\n        <\/div>\n    [\/vc_column][\/vc_row][vc_row][vc_column][vc_empty_space][\/vc_column][\/vc_row][vc_row disable_element=\u00a0\u00bbyes\u00a0\u00bb][vc_column][vc_custom_heading text=\u00a0\u00bbLOWBED TRAILER\u00a0\u00bb font_container=\u00a0\u00bbtag:h4|text_align:left|color:%232D506F\u00a0\u00bb google_fonts=\u00a0\u00bbfont_family:Montserrat%3Aregular%2C700|font_style:400%20regular%3A400%3Anormal\u00a0\u00bb css=\u00a0\u00bb\u00a0\u00bb][\/vc_column][\/vc_row]<\/p>\n<\/div>","protected":false},"excerpt":{"rendered":"<p>[vc_row][vc_column][vc_empty_space][\/vc_column][\/vc_row][vc_row full_width=\u00a0\u00bbstretch_row_content\u00a0\u00bb][vc_column width=\u00a0\u00bb1\/5&Prime; css=\u00a0\u00bb.vc_custom_1727805812339{border-right-width: 1px !important;border-right-style: solid !important;border-color: #2D506F4D !important;}\u00a0\u00bb][vc_single_image image=\u00a0\u00bb3209&Prime; img_size=\u00a0\u00bbfull\u00a0\u00bb alignment=\u00a0\u00bbcenter\u00a0\u00bb style=\u00a0\u00bbvc_box_rounded\u00a0\u00bb onclick=\u00a0\u00bbcustom_link\u00a0\u00bb css=\u00a0\u00bb\u00a0\u00bb el_class=\u00a0\u00bbdorse\u00a0\u00bb link=\u00a0\u00bbhttps:\/\/areltrailer.com\/lowbed-trailers\/\u00a0\u00bb][\/vc_column][vc_column width=\u00a0\u00bb1\/5&Prime; css=\u00a0\u00bb.vc_custom_1727805817829{border-right-width: 1px !important;border-right-style: solid !important;border-color: #2D506F4D !important;}\u00a0\u00bb][vc_single_image image=\u00a0\u00bb2297&Prime; img_size=\u00a0\u00bbfull\u00a0\u00bb alignment=\u00a0\u00bbcenter\u00a0\u00bb style=\u00a0\u00bbvc_box_rounded\u00a0\u00bb onclick=\u00a0\u00bbcustom_link\u00a0\u00bb css=\u00a0\u00bb\u00a0\u00bb el_class=\u00a0\u00bbdorse\u00a0\u00bb link=\u00a0\u00bbhttps:\/\/areltrailer.com\/drawbar-trailers\/\u00a0\u00bb][\/vc_column][vc_column width=\u00a0\u00bb1\/5&Prime; css=\u00a0\u00bb.vc_custom_1727805821852{border-right-width: 1px !important;border-right-style: solid !important;border-color: #2D506F4D !important;}\u00a0\u00bb][vc_single_image image=\u00a0\u00bb2298&Prime; img_size=\u00a0\u00bbfull\u00a0\u00bb alignment=\u00a0\u00bbcenter\u00a0\u00bb style=\u00a0\u00bbvc_box_rounded\u00a0\u00bb onclick=\u00a0\u00bbcustom_link\u00a0\u00bb css=\u00a0\u00bb\u00a0\u00bb el_class=\u00a0\u00bbdorse\u00a0\u00bb link=\u00a0\u00bbhttps:\/\/areltrailer.com\/tipper-trailers\/\u00a0\u00bb][\/vc_column][vc_column width=\u00a0\u00bb1\/5&Prime; css=\u00a0\u00bb.vc_custom_1727805825455{border-right-width: 1px !important;border-right-style: solid [&hellip;]<\/p>\n","protected":false},"author":1,"featured_media":0,"parent":0,"menu_order":0,"comment_status":"closed","ping_status":"closed","template":"","meta":{"footnotes":""},"class_list":["post-3726","page","type-page","status-publish","hentry"],"aioseo_notices":[],"_links":{"self":[{"href":"https:\/\/areltrailer.com\/fr\/wp-json\/wp\/v2\/pages\/3726","targetHints":{"allow":["GET"]}}],"collection":[{"href":"https:\/\/areltrailer.com\/fr\/wp-json\/wp\/v2\/pages"}],"about":[{"href":"https:\/\/areltrailer.com\/fr\/wp-json\/wp\/v2\/types\/page"}],"author":[{"embeddable":true,"href":"https:\/\/areltrailer.com\/fr\/wp-json\/wp\/v2\/users\/1"}],"replies":[{"embeddable":true,"href":"https:\/\/areltrailer.com\/fr\/wp-json\/wp\/v2\/comments?post=3726"}],"version-history":[{"count":0,"href":"https:\/\/areltrailer.com\/fr\/wp-json\/wp\/v2\/pages\/3726\/revisions"}],"wp:attachment":[{"href":"https:\/\/areltrailer.com\/fr\/wp-json\/wp\/v2\/media?parent=3726"}],"curies":[{"name":"wp","href":"https:\/\/api.w.org\/{rel}","templated":true}]}}