{"id":3753,"date":"2024-10-21T22:27:20","date_gmt":"2024-10-21T19:27:20","guid":{"rendered":"https:\/\/areltrailer.com\/remorque-speciale\/"},"modified":"2024-10-21T22:27:20","modified_gmt":"2024-10-21T19:27:20","slug":"remorque-speciale","status":"publish","type":"page","link":"https:\/\/areltrailer.com\/fr\/remorque-speciale\/","title":{"rendered":"REMORQUE SP\u00c9CIALE"},"content":{"rendered":"<div class=\"wpb-content-wrapper\"><p>[vc_row][vc_column][vc_empty_space][\/vc_column][\/vc_row][vc_row full_width=\u00a0\u00bbstretch_row_content\u00a0\u00bb][vc_column width=\u00a0\u00bb1\/2&Prime; css=\u00a0\u00bb.vc_custom_1727805812339{border-right-width: 1px !important;border-right-style: solid !important;border-color: #2D506F4D !important;}\u00a0\u00bb][vc_column_text css=\u00a0\u00bb\u00a0\u00bb]La <a href=\"https:\/\/areltrailer.com\/fr\/remorque-speciale\/\">personnalisation des semi-remorques<\/a> <a href=\"https:\/\/areltrailer.com\/fr\/remorque-speciale\/\">sp\u00e9ciales<\/a> consiste \u00e0 adapter diverses sp\u00e9cifications pour r\u00e9pondre \u00e0 des besoins op\u00e9rationnels sp\u00e9cifiques, \u00e0 des exigences r\u00e9glementaires ou \u00e0 des caract\u00e9ristiques de chargement uniques. Les semi-remorques sur mesure peuvent \u00eatre con\u00e7ues pour diff\u00e9rents types de charges, d&rsquo;environnements ou d&rsquo;applications. Vous trouverez ci-dessous un aper\u00e7u d\u00e9taill\u00e9 des sp\u00e9cifications personnalisables pour les semi-remorques :<\/p>\n<ol>\n<li>Ch\u00e2ssis et Cadre<\/li>\n<\/ol>\n<ul>\n<li>Conception sur mesure<\/li>\n<li>Fabrication avec des dimensions et un type sp\u00e9cifiques selon votre demande<\/li>\n<li>Syst\u00e8mes de direction hydrauliques (en option)<\/li>\n<li>Syst\u00e8mes d&rsquo;essieux auto-vireurs (en option)<\/li>\n<li>Nombre d&rsquo;essieux : 2-3-4-5<\/li>\n<li>Marque des essieux : SAF &#8211; BPW &#8211; MPD -TRAX &#8211; OSMAN KOC &#8211; RELAX<\/li>\n<li>Capacit\u00e9 des essieux : 9 &#8211; 12 \u2013 14 \u2013 16 tonnes<\/li>\n<li>Roues : (245\/70-17,5) (235\/75-19,5) (275\/70-22,5) (12 R-22,5)<\/li>\n<li>Suspension : PNEUMATIQUE, M\u00c9CANIQUE, HYDRAULIQUE<\/li>\n<li>Longueur ext\u00e9rieure : 11.500 \u2013 15.000 mm<\/li>\n<li>Longueur de la plateforme : 8.000 \u2013 12.500 mm<\/li>\n<li>Largeur de la plateforme : 2.500 + 600 mm \u2013 3.500 + 600 mm (Largeur \/ Extensions lat\u00e9rales)<\/li>\n<li>Hauteur de la plateforme : 700 mm \u2013 1100 mm<\/li>\n<li>Plateforme extensible : +3.000 mm \/ + 14.000 mm<\/li>\n<li>Syst\u00e8mes de freinage : EBS ou ABS &#8212; WABCO &#8211; KNORR BREMSE &#8211; HALDEX<\/li>\n<li>Syst\u00e8mes de rampes hydrauliques simples \u2013 doubles (pliables)<\/li>\n<li><strong>Couleurs : Codes RAL \u00e0 la demande du client<\/strong><\/li>\n<li><strong>Syst\u00e8me \u00e9lectrique : Sa-Ba, Asp\u00f6ck<\/strong><\/li>\n<\/ul>\n<p>[\/vc_column_text][\/vc_column][vc_column width=\u00a0\u00bb1\/2&Prime;][vc_row_inner][vc_column_inner width=\u00a0\u00bb1\/2&Prime;][vc_single_image image=\u00a0\u00bb2629&Prime; img_size=\u00a0\u00bbfull\u00a0\u00bb style=\u00a0\u00bbvc_box_rounded\u00a0\u00bb onclick=\u00a0\u00bblink_image\u00a0\u00bb css=\u00a0\u00bb\u00a0\u00bb][\/vc_column_inner][vc_column_inner width=\u00a0\u00bb1\/2&Prime;][vc_single_image image=\u00a0\u00bb2628&Prime; img_size=\u00a0\u00bbfull\u00a0\u00bb style=\u00a0\u00bbvc_box_rounded\u00a0\u00bb onclick=\u00a0\u00bblink_image\u00a0\u00bb css=\u00a0\u00bb\u00a0\u00bb][\/vc_column_inner][\/vc_row_inner][\/vc_column][vc_column width=\u00a0\u00bb1\/2&Prime;][vc_single_image image=\u00a0\u00bb2627&Prime; img_size=\u00a0\u00bbfull\u00a0\u00bb style=\u00a0\u00bbvc_box_rounded\u00a0\u00bb onclick=\u00a0\u00bblink_image\u00a0\u00bb css=\u00a0\u00bb\u00a0\u00bb][\/vc_column][\/vc_row][vc_row][vc_column][vc_empty_space][\/vc_column][\/vc_row]<\/p>\n<\/div>","protected":false},"excerpt":{"rendered":"<p>[vc_row][vc_column][vc_empty_space][\/vc_column][\/vc_row][vc_row full_width=\u00a0\u00bbstretch_row_content\u00a0\u00bb][vc_column width=\u00a0\u00bb1\/2&Prime; css=\u00a0\u00bb.vc_custom_1727805812339{border-right-width: 1px !important;border-right-style: solid !important;border-color: #2D506F4D !important;}\u00a0\u00bb][vc_column_text css=\u00a0\u00bb\u00a0\u00bb]La personnalisation des semi-remorques sp\u00e9ciales consiste \u00e0 adapter diverses sp\u00e9cifications pour r\u00e9pondre \u00e0 des besoins op\u00e9rationnels sp\u00e9cifiques, \u00e0 des exigences r\u00e9glementaires ou \u00e0 des caract\u00e9ristiques de chargement uniques. Les semi-remorques sur mesure peuvent \u00eatre con\u00e7ues pour diff\u00e9rents types de charges, d&rsquo;environnements ou d&rsquo;applications. Vous trouverez [&hellip;]<\/p>\n","protected":false},"author":1,"featured_media":0,"parent":0,"menu_order":0,"comment_status":"closed","ping_status":"closed","template":"","meta":{"footnotes":""},"class_list":["post-3753","page","type-page","status-publish","hentry"],"aioseo_notices":[],"_links":{"self":[{"href":"https:\/\/areltrailer.com\/fr\/wp-json\/wp\/v2\/pages\/3753","targetHints":{"allow":["GET"]}}],"collection":[{"href":"https:\/\/areltrailer.com\/fr\/wp-json\/wp\/v2\/pages"}],"about":[{"href":"https:\/\/areltrailer.com\/fr\/wp-json\/wp\/v2\/types\/page"}],"author":[{"embeddable":true,"href":"https:\/\/areltrailer.com\/fr\/wp-json\/wp\/v2\/users\/1"}],"replies":[{"embeddable":true,"href":"https:\/\/areltrailer.com\/fr\/wp-json\/wp\/v2\/comments?post=3753"}],"version-history":[{"count":0,"href":"https:\/\/areltrailer.com\/fr\/wp-json\/wp\/v2\/pages\/3753\/revisions"}],"wp:attachment":[{"href":"https:\/\/areltrailer.com\/fr\/wp-json\/wp\/v2\/media?parent=3753"}],"curies":[{"name":"wp","href":"https:\/\/api.w.org\/{rel}","templated":true}]}}