{"id":3757,"date":"2024-10-29T22:06:18","date_gmt":"2024-10-29T19:06:18","guid":{"rendered":"https:\/\/areltrailer.com\/remorque-benne-de-type-carre\/"},"modified":"2024-10-29T22:06:18","modified_gmt":"2024-10-29T19:06:18","slug":"remorque-benne-de-type-carre","status":"publish","type":"page","link":"https:\/\/areltrailer.com\/fr\/remorque-benne-de-type-carre\/","title":{"rendered":"REMORQUE BENNE DE TYPE CARR\u00c9"},"content":{"rendered":"<div class=\"wpb-content-wrapper\"><p>[vc_row][vc_column][vc_empty_space][\/vc_column][\/vc_row][vc_row full_width=\u00a0\u00bbstretch_row_content\u00a0\u00bb][vc_column width=\u00a0\u00bb1\/2&Prime; css=\u00a0\u00bb.vc_custom_1727805812339{border-right-width: 1px !important;border-right-style: solid !important;border-color: #2D506F4D !important;}\u00a0\u00bb][vc_column_text css=\u00a0\u00bb\u00a0\u00bb]<strong>Remorque Benne de Type Enrochement<\/strong><\/p>\n<p>La <a href=\"https:\/\/areltrailer.com\/fr\/remorque-benne-de-type-carre\/\"><strong>Remorque Benne de Type Enrochement<\/strong><\/a> <a href=\"https:\/\/areltrailer.com\/fr\/remorque-benne-de-type-carre\/\">Remorque Benne de Type Carr\u00e9<\/a> est un v\u00e9hicule lourd sp\u00e9cialement con\u00e7u pour le transport et le d\u00e9chargement efficaces de grands volumes de roches, de gravier et d&rsquo;autres mat\u00e9riaux en vrac. Con\u00e7ue pour r\u00e9sister aux conditions exigeantes des carri\u00e8res et des chantiers de construction, cette remorque allie durabilit\u00e9 et fonctionnalit\u00e9 pour garantir des performances fiables dans des environnements difficiles.<\/p>\n<p><strong>\u00a0\u00a0\u00a0\u00a0\u00a0\u00a0\u00a0\u00a0\u00a0 Utilisation<\/strong>:\u00a0\u00a0\u00a0\u00a0\u00a0\u00a0\u00a0\u00a0\u00a0\u00a0\u00a0 Terre, D\u00e9molition, Asphalte, Gravier, Grosses roches, Argile, Petites roches, Boue, Sable<\/p>\n<p>&nbsp;<\/p>\n<ul>\n<li>Conception sur mesure<\/li>\n<li>Volume : 30 m\u00b3 &#8211; 50 m\u00b3<\/li>\n<li>Mat\u00e9riau : HARDOX 450 -TUF 500, DOMEX S700MC, S355JR<\/li>\n<li>Fabrication sur mesure en taille et type selon votre demande<\/li>\n<li>Syst\u00e8mes d&rsquo;essieux auto-vireurs<\/li>\n<li>Nombre d&rsquo;essieux : 2-3-4<\/li>\n<li>Marque des essieux : \u00a0\u00a0\u00a0\u00a0 SAF &#8211; BPW &#8211; MPD -TRAX &#8211;\u00a0 OSMAN KOC &#8211; RELAX<\/li>\n<li>Capacit\u00e9 des essieux : 12 \u2013 14 \u2013 16 tonnes<\/li>\n<li>Roues : (385\/65-R22,5) (12 R-22,5)<\/li>\n<li>Suspension : PNEUMATIQUE, M\u00c9CANIQUE<\/li>\n<li>Syst\u00e8mes de freinage : EBS ou ABS\u00a0 &#8212; WABCO &#8211; KNORR BREMSE &#8211; HALDEX<\/li>\n<li>Couleurs : Codes RAL sur demande du client<\/li>\n<li>Syst\u00e8me \u00e9lectrique : Sa-Ba, Asp\u00f6ck<\/li>\n<\/ul>\n<p>[\/vc_column_text][\/vc_column][vc_column width=\u00a0\u00bb1\/2&Prime;][vc_row_inner][vc_column_inner width=\u00a0\u00bb1\/2&Prime;][vc_single_image image=\u00a0\u00bb2822&Prime; img_size=\u00a0\u00bbfull\u00a0\u00bb style=\u00a0\u00bbvc_box_rounded\u00a0\u00bb onclick=\u00a0\u00bblink_image\u00a0\u00bb css=\u00a0\u00bb\u00a0\u00bb][\/vc_column_inner][vc_column_inner width=\u00a0\u00bb1\/2&Prime;][vc_single_image image=\u00a0\u00bb2824&Prime; img_size=\u00a0\u00bbfull\u00a0\u00bb style=\u00a0\u00bbvc_box_rounded\u00a0\u00bb onclick=\u00a0\u00bblink_image\u00a0\u00bb css=\u00a0\u00bb\u00a0\u00bb][\/vc_column_inner][\/vc_row_inner][\/vc_column][vc_column width=\u00a0\u00bb1\/2&Prime;][vc_single_image image=\u00a0\u00bb2823&Prime; img_size=\u00a0\u00bbfull\u00a0\u00bb style=\u00a0\u00bbvc_box_rounded\u00a0\u00bb onclick=\u00a0\u00bblink_image\u00a0\u00bb css=\u00a0\u00bb\u00a0\u00bb][\/vc_column][\/vc_row][vc_row][vc_column][vc_empty_space][\/vc_column][\/vc_row]<\/p>\n<\/div>","protected":false},"excerpt":{"rendered":"<p>[vc_row][vc_column][vc_empty_space][\/vc_column][\/vc_row][vc_row full_width=\u00a0\u00bbstretch_row_content\u00a0\u00bb][vc_column width=\u00a0\u00bb1\/2&Prime; css=\u00a0\u00bb.vc_custom_1727805812339{border-right-width: 1px !important;border-right-style: solid !important;border-color: #2D506F4D !important;}\u00a0\u00bb][vc_column_text css=\u00a0\u00bb\u00a0\u00bb]Remorque Benne de Type Enrochement La Remorque Benne de Type Enrochement Remorque Benne de Type Carr\u00e9 est un v\u00e9hicule lourd sp\u00e9cialement con\u00e7u pour le transport et le d\u00e9chargement efficaces de grands volumes de roches, de gravier et d&rsquo;autres mat\u00e9riaux en vrac. Con\u00e7ue pour r\u00e9sister aux [&hellip;]<\/p>\n","protected":false},"author":1,"featured_media":0,"parent":0,"menu_order":0,"comment_status":"closed","ping_status":"closed","template":"","meta":{"footnotes":""},"class_list":["post-3757","page","type-page","status-publish","hentry"],"aioseo_notices":[],"_links":{"self":[{"href":"https:\/\/areltrailer.com\/fr\/wp-json\/wp\/v2\/pages\/3757","targetHints":{"allow":["GET"]}}],"collection":[{"href":"https:\/\/areltrailer.com\/fr\/wp-json\/wp\/v2\/pages"}],"about":[{"href":"https:\/\/areltrailer.com\/fr\/wp-json\/wp\/v2\/types\/page"}],"author":[{"embeddable":true,"href":"https:\/\/areltrailer.com\/fr\/wp-json\/wp\/v2\/users\/1"}],"replies":[{"embeddable":true,"href":"https:\/\/areltrailer.com\/fr\/wp-json\/wp\/v2\/comments?post=3757"}],"version-history":[{"count":0,"href":"https:\/\/areltrailer.com\/fr\/wp-json\/wp\/v2\/pages\/3757\/revisions"}],"wp:attachment":[{"href":"https:\/\/areltrailer.com\/fr\/wp-json\/wp\/v2\/media?parent=3757"}],"curies":[{"name":"wp","href":"https:\/\/api.w.org\/{rel}","templated":true}]}}