{"id":3761,"date":"2024-10-26T17:17:50","date_gmt":"2024-10-26T14:17:50","guid":{"rendered":"https:\/\/areltrailer.com\/semi-remorque-citerne-en-acier-inoxydable-l4bh\/"},"modified":"2024-10-26T17:17:50","modified_gmt":"2024-10-26T14:17:50","slug":"semi-remorque-citerne-en-acier-inoxydable-l4bh","status":"publish","type":"page","link":"https:\/\/areltrailer.com\/fr\/semi-remorque-citerne-en-acier-inoxydable-l4bh\/","title":{"rendered":"SEMI-REMORQUE CITERNE EN ACIER INOXYDABLE L4BH"},"content":{"rendered":"<div class=\"wpb-content-wrapper\"><p>[vc_row][vc_column][vc_empty_space][\/vc_column][\/vc_row][vc_row full_width=\u00a0\u00bbstretch_row_content\u00a0\u00bb][vc_column width=\u00a0\u00bb1\/2&Prime; css=\u00a0\u00bb.vc_custom_1727805812339{border-right-width: 1px !important;border-right-style: solid !important;border-color: #2D506F4D !important;}\u00a0\u00bb][vc_column_text css=\u00a0\u00bb\u00a0\u00bb]Les <a href=\"https:\/\/areltrailer.com\/fr\/semi-remorque-citerne-en-acier-inoxydable-l4bh\/\">semi-remorques citernes en acier inoxydable<\/a> SEMI-REMORQUE CITERNE EN ACIER INOXYDABLE L4BH sont couramment utilis\u00e9es pour le transport de divers liquides, y compris des produits de qualit\u00e9 alimentaire, des produits chimiques et des produits pharmaceutiques. Les sp\u00e9cifications de ces remorques peuvent varier en fonction de leur utilisation pr\u00e9vue et du fabricant, mais voici quelques sp\u00e9cifications g\u00e9n\u00e9rales que vous pourriez trouver :<\/p>\n<p><strong>Sp\u00e9cifications g\u00e9n\u00e9rales :<\/strong><\/p>\n<p><strong>Nous pouvons produire diff\u00e9rents types de remorques citernes en acier inoxydable pour le transport d&rsquo;alcool, d&rsquo;acide, de produits chimiques, de denr\u00e9es alimentaires liquides, d&rsquo;eau et de tout autre mat\u00e9riau liquide n\u00e9cessitant une haute r\u00e9sistance \u00e0 la corrosion.<\/strong><\/p>\n<p><strong>MAT\u00c9RIAU DE LA CUVE : 304L &#8211; 316L<\/strong><\/p>\n<ul>\n<li>Conception sur mesure<\/li>\n<li>Fabrication avec des dimensions et un type sp\u00e9cifiques selon votre demande<\/li>\n<li>Volume : 25 000 L \u2013 30 000 L<\/li>\n<li>Nombre d&rsquo;essieux : 2-3-4<\/li>\n<li>Marque des essieux : SAF &#8211; BPW &#8211; MPD -TRAX &#8211; OSMAN KOC &#8211; RELAX<\/li>\n<li>Capacit\u00e9 des essieux : 9 &#8211; 12 \u2013 14 \u2013 16 tonnes<\/li>\n<li>Roues : (385\/65-R22,5) (12 R-22,5)<\/li>\n<li>Suspension : PNEUMATIQUE, M\u00c9CANIQUE<\/li>\n<li>Syst\u00e8mes de freinage : EBS ou ABS &#8212; WABCO &#8211; KNORR BREMSE &#8211; HALDEX<\/li>\n<li>Couleurs : Codes RAL \u00e0 la demande du client<\/li>\n<li>Syst\u00e8me \u00e9lectrique : Sa-Ba, Asp\u00f6ck<\/li>\n<\/ul>\n<p>[\/vc_column_text][\/vc_column][vc_column width=\u00a0\u00bb1\/2&Prime;][vc_row_inner][vc_column_inner width=\u00a0\u00bb1\/2&Prime;][vc_single_image image=\u00a0\u00bb2751&Prime; img_size=\u00a0\u00bbfull\u00a0\u00bb style=\u00a0\u00bbvc_box_rounded\u00a0\u00bb onclick=\u00a0\u00bblink_image\u00a0\u00bb css=\u00a0\u00bb\u00a0\u00bb][\/vc_column_inner][vc_column_inner width=\u00a0\u00bb1\/2&Prime;][vc_single_image image=\u00a0\u00bb2753&Prime; img_size=\u00a0\u00bbfull\u00a0\u00bb style=\u00a0\u00bbvc_box_rounded\u00a0\u00bb onclick=\u00a0\u00bblink_image\u00a0\u00bb css=\u00a0\u00bb\u00a0\u00bb][\/vc_column_inner][\/vc_row_inner][\/vc_column][vc_column width=\u00a0\u00bb1\/2&Prime;][vc_single_image image=\u00a0\u00bb2752&Prime; img_size=\u00a0\u00bbfull\u00a0\u00bb style=\u00a0\u00bbvc_box_rounded\u00a0\u00bb onclick=\u00a0\u00bblink_image\u00a0\u00bb css=\u00a0\u00bb\u00a0\u00bb][\/vc_column][\/vc_row][vc_row][vc_column][vc_empty_space][\/vc_column][\/vc_row]<\/p>\n<\/div>","protected":false},"excerpt":{"rendered":"<p>[vc_row][vc_column][vc_empty_space][\/vc_column][\/vc_row][vc_row full_width=\u00a0\u00bbstretch_row_content\u00a0\u00bb][vc_column width=\u00a0\u00bb1\/2&Prime; css=\u00a0\u00bb.vc_custom_1727805812339{border-right-width: 1px !important;border-right-style: solid !important;border-color: #2D506F4D !important;}\u00a0\u00bb][vc_column_text css=\u00a0\u00bb\u00a0\u00bb]Les semi-remorques citernes en acier inoxydable SEMI-REMORQUE CITERNE EN ACIER INOXYDABLE L4BH sont couramment utilis\u00e9es pour le transport de divers liquides, y compris des produits de qualit\u00e9 alimentaire, des produits chimiques et des produits pharmaceutiques. Les sp\u00e9cifications de ces remorques peuvent varier en fonction de [&hellip;]<\/p>\n","protected":false},"author":1,"featured_media":0,"parent":0,"menu_order":0,"comment_status":"closed","ping_status":"closed","template":"","meta":{"footnotes":""},"class_list":["post-3761","page","type-page","status-publish","hentry"],"aioseo_notices":[],"_links":{"self":[{"href":"https:\/\/areltrailer.com\/fr\/wp-json\/wp\/v2\/pages\/3761","targetHints":{"allow":["GET"]}}],"collection":[{"href":"https:\/\/areltrailer.com\/fr\/wp-json\/wp\/v2\/pages"}],"about":[{"href":"https:\/\/areltrailer.com\/fr\/wp-json\/wp\/v2\/types\/page"}],"author":[{"embeddable":true,"href":"https:\/\/areltrailer.com\/fr\/wp-json\/wp\/v2\/users\/1"}],"replies":[{"embeddable":true,"href":"https:\/\/areltrailer.com\/fr\/wp-json\/wp\/v2\/comments?post=3761"}],"version-history":[{"count":0,"href":"https:\/\/areltrailer.com\/fr\/wp-json\/wp\/v2\/pages\/3761\/revisions"}],"wp:attachment":[{"href":"https:\/\/areltrailer.com\/fr\/wp-json\/wp\/v2\/media?parent=3761"}],"curies":[{"name":"wp","href":"https:\/\/api.w.org\/{rel}","templated":true}]}}