{"id":3770,"date":"2024-10-16T23:46:26","date_gmt":"2024-10-16T20:46:26","guid":{"rendered":"https:\/\/areltrailer.com\/semi-remorques-citernes\/"},"modified":"2024-10-16T23:46:26","modified_gmt":"2024-10-16T20:46:26","slug":"semi-remorques-citernes","status":"publish","type":"page","link":"https:\/\/areltrailer.com\/fr\/semi-remorques-citernes\/","title":{"rendered":"Semi-remorques Citernes"},"content":{"rendered":"<div class=\"wpb-content-wrapper\"><p>[vc_row][vc_column][vc_empty_space][\/vc_column][\/vc_row][vc_row full_width=\u00a0\u00bbstretch_row_content\u00a0\u00bb][vc_column width=\u00a0\u00bb1\/4&Prime; css=\u00a0\u00bb.vc_custom_1727805812339{border-right-width: 1px !important;border-right-style: solid !important;border-color: #2D506F4D !important;}\u00a0\u00bb][vc_single_image image=\u00a0\u00bb2574&Prime; img_size=\u00a0\u00bbfull\u00a0\u00bb alignment=\u00a0\u00bbcenter\u00a0\u00bb style=\u00a0\u00bbvc_box_rounded\u00a0\u00bb onclick=\u00a0\u00bbcustom_link\u00a0\u00bb css=\u00a0\u00bb\u00a0\u00bb el_class=\u00a0\u00bbdorse\u00a0\u00bb link=\u00a0\u00bbhttps:\/\/areltrailer.com\/aluminum-fuel-tanker-semi-trailer-adr\/\u00a0\u00bb]\n        <div class=\"twt-wrap vc_custom_1750079198330\">\n            <h1 style=\"color:#2D506F;font-size: 20px\">SEMI-REMORQUE CITERNE \u00c0 CARBURANT EN ALUMINIUM ADR<\/h1>\n            Type Citerne Cylindrique, Conique, Elliptique, Col de cygne, normes ADR, l\u00e9g\u00e8re\n        <\/div>\n    [\/vc_column][vc_column width=\u00a0\u00bb1\/4&Prime; css=\u00a0\u00bb.vc_custom_1727805817829{border-right-width: 1px !important;border-right-style: solid !important;border-color: #2D506F4D !important;}\u00a0\u00bb][vc_single_image image=\u00a0\u00bb2575&Prime; img_size=\u00a0\u00bbfull\u00a0\u00bb alignment=\u00a0\u00bbcenter\u00a0\u00bb style=\u00a0\u00bbvc_box_rounded\u00a0\u00bb onclick=\u00a0\u00bbcustom_link\u00a0\u00bb css=\u00a0\u00bb\u00a0\u00bb el_class=\u00a0\u00bbdorse\u00a0\u00bb link=\u00a0\u00bbhttps:\/\/areltrailer.com\/bitumen-asphalt-tanker-semi-trailer\/\u00a0\u00bb]\n        <div class=\"twt-wrap vc_custom_1729535172657\">\n            <h1 style=\"color:#2D506F;font-size: 20px\">SEMI-REMORQUE CITERNE \u00c0 BITUME-ASPHALTE AVEC SYST\u00c8ME DE CHAUFFAGE<\/h1>\n            Semi-remorque citerne \u00e0 bitume avec options de syst\u00e8me de chauffage Webasto ou \u00e0 br\u00fbleur, d\u00e9chargement par gravit\u00e9 ou par pompe, peut \u00eatre fabriqu\u00e9e en acier au carbone et en acier inoxydable.\n        <\/div>\n    [\/vc_column][vc_column width=\u00a0\u00bb1\/4&Prime; css=\u00a0\u00bb.vc_custom_1727805821852{border-right-width: 1px !important;border-right-style: solid !important;border-color: #2D506F4D !important;}\u00a0\u00bb][vc_single_image image=\u00a0\u00bb3138&Prime; img_size=\u00a0\u00bbfull\u00a0\u00bb alignment=\u00a0\u00bbcenter\u00a0\u00bb style=\u00a0\u00bbvc_box_rounded\u00a0\u00bb onclick=\u00a0\u00bbcustom_link\u00a0\u00bb css=\u00a0\u00bb\u00a0\u00bb el_class=\u00a0\u00bbdorse\u00a0\u00bb link=\u00a0\u00bbhttps:\/\/areltrailer.com\/fuel-tanker-semi-trailer\/\u00a0\u00bb]\n        <div class=\"twt-wrap vc_custom_1750078737784\">\n            <h1 style=\"color:#2D506F;font-size: 20px\">SEMI-REMORQUE CITERNE \u00c0 CARBURANT ADR<\/h1>\n            Peut \u00eatre remplie par le haut et par le bas, transporte les marchandises dangereuses conform\u00e9ment \u00e0 la classe 3 de l&rsquo;ADR dans un ou jusqu&rsquo;\u00e0 sept compartiments, d\u00e9chargement par gravit\u00e9 ou par pompe, peut \u00eatre fabriqu\u00e9e en acier au carbone, en acier inoxydable et en alliages d&rsquo;aluminium.\n        <\/div>\n    [\/vc_column][vc_column width=\u00a0\u00bb1\/4&Prime; css=\u00a0\u00bb.vc_custom_1727805825455{border-right-width: 1px !important;border-right-style: solid !important;border-color: #2D506F4D !important;}\u00a0\u00bb][vc_single_image image=\u00a0\u00bb2578&Prime; img_size=\u00a0\u00bbfull\u00a0\u00bb alignment=\u00a0\u00bbcenter\u00a0\u00bb style=\u00a0\u00bbvc_box_rounded\u00a0\u00bb onclick=\u00a0\u00bbcustom_link\u00a0\u00bb css=\u00a0\u00bb\u00a0\u00bb el_class=\u00a0\u00bbdorse\u00a0\u00bb link=\u00a0\u00bbhttps:\/\/areltrailer.com\/stainless-steel-tanker-semi-trailer-l4bh\/\u00a0\u00bb]\n        <div class=\"twt-wrap vc_custom_1750079184483\">\n            <h1 style=\"color:#2D506F;font-size: 20px\">SEMI-REMORQUE CITERNE EN ACIER INOXYDABLE L4BH<\/h1>\n            Arel Trailer peut produire diff\u00e9rents types de semi-remorques citernes en acier inoxydable pour le transport d&rsquo;alcool, d&rsquo;acide, de produits chimiques, de denr\u00e9es alimentaires liquides, d&rsquo;eau et d&rsquo;autres mat\u00e9riaux liquides n\u00e9cessitant une haute r\u00e9sistance \u00e0 la corrosion.\n        <\/div>\n    [\/vc_column][\/vc_row][vc_row][vc_column][vc_empty_space][\/vc_column][\/vc_row]<\/p>\n<\/div>","protected":false},"excerpt":{"rendered":"<p>[vc_row][vc_column][vc_empty_space][\/vc_column][\/vc_row][vc_row full_width=\u00a0\u00bbstretch_row_content\u00a0\u00bb][vc_column width=\u00a0\u00bb1\/4&Prime; css=\u00a0\u00bb.vc_custom_1727805812339{border-right-width: 1px !important;border-right-style: solid !important;border-color: #2D506F4D !important;}\u00a0\u00bb][vc_single_image image=\u00a0\u00bb2574&Prime; img_size=\u00a0\u00bbfull\u00a0\u00bb alignment=\u00a0\u00bbcenter\u00a0\u00bb style=\u00a0\u00bbvc_box_rounded\u00a0\u00bb onclick=\u00a0\u00bbcustom_link\u00a0\u00bb css=\u00a0\u00bb\u00a0\u00bb el_class=\u00a0\u00bbdorse\u00a0\u00bb link=\u00a0\u00bbhttps:\/\/areltrailer.com\/aluminum-fuel-tanker-semi-trailer-adr\/\u00a0\u00bb][\/vc_column][vc_column width=\u00a0\u00bb1\/4&Prime; css=\u00a0\u00bb.vc_custom_1727805817829{border-right-width: 1px !important;border-right-style: solid !important;border-color: #2D506F4D !important;}\u00a0\u00bb][vc_single_image image=\u00a0\u00bb2575&Prime; img_size=\u00a0\u00bbfull\u00a0\u00bb alignment=\u00a0\u00bbcenter\u00a0\u00bb style=\u00a0\u00bbvc_box_rounded\u00a0\u00bb onclick=\u00a0\u00bbcustom_link\u00a0\u00bb css=\u00a0\u00bb\u00a0\u00bb el_class=\u00a0\u00bbdorse\u00a0\u00bb link=\u00a0\u00bbhttps:\/\/areltrailer.com\/bitumen-asphalt-tanker-semi-trailer\/\u00a0\u00bb][\/vc_column][vc_column width=\u00a0\u00bb1\/4&Prime; css=\u00a0\u00bb.vc_custom_1727805821852{border-right-width: 1px !important;border-right-style: solid !important;border-color: #2D506F4D !important;}\u00a0\u00bb][vc_single_image image=\u00a0\u00bb3138&Prime; img_size=\u00a0\u00bbfull\u00a0\u00bb alignment=\u00a0\u00bbcenter\u00a0\u00bb style=\u00a0\u00bbvc_box_rounded\u00a0\u00bb onclick=\u00a0\u00bbcustom_link\u00a0\u00bb css=\u00a0\u00bb\u00a0\u00bb el_class=\u00a0\u00bbdorse\u00a0\u00bb link=\u00a0\u00bbhttps:\/\/areltrailer.com\/fuel-tanker-semi-trailer\/\u00a0\u00bb][\/vc_column][vc_column width=\u00a0\u00bb1\/4&Prime; css=\u00a0\u00bb.vc_custom_1727805825455{border-right-width: 1px !important;border-right-style: solid [&hellip;]<\/p>\n","protected":false},"author":1,"featured_media":3777,"parent":0,"menu_order":0,"comment_status":"closed","ping_status":"closed","template":"","meta":{"footnotes":""},"class_list":["post-3770","page","type-page","status-publish","has-post-thumbnail","hentry"],"aioseo_notices":[],"_links":{"self":[{"href":"https:\/\/areltrailer.com\/fr\/wp-json\/wp\/v2\/pages\/3770","targetHints":{"allow":["GET"]}}],"collection":[{"href":"https:\/\/areltrailer.com\/fr\/wp-json\/wp\/v2\/pages"}],"about":[{"href":"https:\/\/areltrailer.com\/fr\/wp-json\/wp\/v2\/types\/page"}],"author":[{"embeddable":true,"href":"https:\/\/areltrailer.com\/fr\/wp-json\/wp\/v2\/users\/1"}],"replies":[{"embeddable":true,"href":"https:\/\/areltrailer.com\/fr\/wp-json\/wp\/v2\/comments?post=3770"}],"version-history":[{"count":0,"href":"https:\/\/areltrailer.com\/fr\/wp-json\/wp\/v2\/pages\/3770\/revisions"}],"wp:featuredmedia":[{"embeddable":true,"href":"https:\/\/areltrailer.com\/fr\/wp-json\/wp\/v2\/media\/3777"}],"wp:attachment":[{"href":"https:\/\/areltrailer.com\/fr\/wp-json\/wp\/v2\/media?parent=3770"}],"curies":[{"name":"wp","href":"https:\/\/api.w.org\/{rel}","templated":true}]}}