{"id":3786,"date":"2024-10-16T23:55:39","date_gmt":"2024-10-16T20:55:39","guid":{"rendered":"https:\/\/areltrailer.com\/remorque-grumiere\/"},"modified":"2024-10-16T23:55:39","modified_gmt":"2024-10-16T20:55:39","slug":"remorque-grumiere","status":"publish","type":"page","link":"https:\/\/areltrailer.com\/fr\/remorque-grumiere\/","title":{"rendered":"REMORQUE GRUMI\u00c8RE"},"content":{"rendered":"<div class=\"wpb-content-wrapper\"><p>[vc_row][vc_column][vc_empty_space][\/vc_column][\/vc_row][vc_row full_width=\u00a0\u00bbstretch_row_content\u00a0\u00bb][vc_column width=\u00a0\u00bb1\/2&Prime; css=\u00a0\u00bb.vc_custom_1727805812339{border-right-width: 1px !important;border-right-style: solid !important;border-color: #2D506F4D !important;}\u00a0\u00bb][vc_column_text css=\u00a0\u00bb\u00a0\u00bb]<strong>Remorque Grumi\u00e8re<\/strong><\/p>\n<p>La <a href=\"https:\/\/areltrailer.com\/fr\/remorque-grumiere\/\"><strong>Remorque Grumi\u00e8re<\/strong><\/a> est con\u00e7ue sp\u00e9cifiquement pour le transport et la manutention du bois et des produits de scierie, ce qui en fait un outil essentiel pour les op\u00e9rations foresti\u00e8res, les scieries et les projets de construction. Con\u00e7ue pour la robustesse, l&rsquo;efficacit\u00e9 et la facilit\u00e9 d&rsquo;utilisation, cette remorque garantit des performances fiables pour le transport de grands volumes de bois tout en maintenant la s\u00e9curit\u00e9 et l&rsquo;efficacit\u00e9 op\u00e9rationnelle.<\/p>\n<ul>\n<li>Conception sur mesure<\/li>\n<li>Fabrication avec des dimensions et un type sp\u00e9cifiques selon votre demande<\/li>\n<li>Syst\u00e8mes d&rsquo;essieux auto-vireurs<\/li>\n<\/ul>\n<p>&nbsp;<\/p>\n<ul>\n<li>Nombre d&rsquo;essieux : 2-3-4<\/li>\n<li>Marque des essieux : \u00a0\u00a0\u00a0\u00a0\u00a0\u00a0 SAF &#8211; BPW &#8211; MPD -TRAX &#8211;\u00a0 OSMAN KOC &#8211; RELAX<\/li>\n<li>Capacit\u00e9 des essieux : 9 &#8211; 12 \u2013 14 \u2013 16 tonnes<\/li>\n<li>Roues : (385\/65-R22,5) (12 R-22,5)<\/li>\n<li>Suspension : PNEUMATIQUE, M\u00c9CANIQUE<\/li>\n<li>Syst\u00e8mes de freinage : EBS ou ABS &#8212; WABCO &#8211; KNORR BREMSE &#8211; HALDEX<\/li>\n<li>Couleurs : Codes RAL \u00e0 la demande du client<\/li>\n<li>Syst\u00e8me \u00e9lectrique : Sa-Ba, Asp\u00f6ck<\/li>\n<\/ul>\n<p>[\/vc_column_text][\/vc_column][vc_column width=\u00a0\u00bb1\/2&Prime;][vc_row_inner][vc_column_inner width=\u00a0\u00bb1\/2&Prime;][vc_single_image image=\u00a0\u00bb2581&Prime; img_size=\u00a0\u00bbfull\u00a0\u00bb style=\u00a0\u00bbvc_box_rounded\u00a0\u00bb onclick=\u00a0\u00bblink_image\u00a0\u00bb css=\u00a0\u00bb\u00a0\u00bb][\/vc_column_inner][vc_column_inner width=\u00a0\u00bb1\/2&Prime;][vc_single_image image=\u00a0\u00bb2582&Prime; img_size=\u00a0\u00bbfull\u00a0\u00bb style=\u00a0\u00bbvc_box_rounded\u00a0\u00bb onclick=\u00a0\u00bblink_image\u00a0\u00bb css=\u00a0\u00bb\u00a0\u00bb][\/vc_column_inner][\/vc_row_inner][\/vc_column][vc_column width=\u00a0\u00bb1\/2&Prime;][vc_single_image image=\u00a0\u00bb2583&Prime; img_size=\u00a0\u00bbfull\u00a0\u00bb style=\u00a0\u00bbvc_box_rounded\u00a0\u00bb onclick=\u00a0\u00bblink_image\u00a0\u00bb css=\u00a0\u00bb\u00a0\u00bb][\/vc_column][\/vc_row][vc_row][vc_column][vc_empty_space][\/vc_column][\/vc_row]<\/p>\n<\/div>","protected":false},"excerpt":{"rendered":"<p>[vc_row][vc_column][vc_empty_space][\/vc_column][\/vc_row][vc_row full_width=\u00a0\u00bbstretch_row_content\u00a0\u00bb][vc_column width=\u00a0\u00bb1\/2&Prime; css=\u00a0\u00bb.vc_custom_1727805812339{border-right-width: 1px !important;border-right-style: solid !important;border-color: #2D506F4D !important;}\u00a0\u00bb][vc_column_text css=\u00a0\u00bb\u00a0\u00bb]Remorque Grumi\u00e8re La Remorque Grumi\u00e8re est con\u00e7ue sp\u00e9cifiquement pour le transport et la manutention du bois et des produits de scierie, ce qui en fait un outil essentiel pour les op\u00e9rations foresti\u00e8res, les scieries et les projets de construction. Con\u00e7ue pour la robustesse, l&rsquo;efficacit\u00e9 et [&hellip;]<\/p>\n","protected":false},"author":1,"featured_media":0,"parent":0,"menu_order":0,"comment_status":"closed","ping_status":"closed","template":"","meta":{"footnotes":""},"class_list":["post-3786","page","type-page","status-publish","hentry"],"aioseo_notices":[],"_links":{"self":[{"href":"https:\/\/areltrailer.com\/fr\/wp-json\/wp\/v2\/pages\/3786","targetHints":{"allow":["GET"]}}],"collection":[{"href":"https:\/\/areltrailer.com\/fr\/wp-json\/wp\/v2\/pages"}],"about":[{"href":"https:\/\/areltrailer.com\/fr\/wp-json\/wp\/v2\/types\/page"}],"author":[{"embeddable":true,"href":"https:\/\/areltrailer.com\/fr\/wp-json\/wp\/v2\/users\/1"}],"replies":[{"embeddable":true,"href":"https:\/\/areltrailer.com\/fr\/wp-json\/wp\/v2\/comments?post=3786"}],"version-history":[{"count":0,"href":"https:\/\/areltrailer.com\/fr\/wp-json\/wp\/v2\/pages\/3786\/revisions"}],"wp:attachment":[{"href":"https:\/\/areltrailer.com\/fr\/wp-json\/wp\/v2\/media?parent=3786"}],"curies":[{"name":"wp","href":"https:\/\/api.w.org\/{rel}","templated":true}]}}