{"id":3797,"date":"2024-10-16T23:59:15","date_gmt":"2024-10-16T20:59:15","guid":{"rendered":"https:\/\/areltrailer.com\/carrosserie-de-camion-benne\/"},"modified":"2024-10-16T23:59:15","modified_gmt":"2024-10-16T20:59:15","slug":"carrosserie-de-camion-benne","status":"publish","type":"page","link":"https:\/\/areltrailer.com\/fr\/carrosserie-de-camion-benne\/","title":{"rendered":"CARROSSERIE DE CAMION BENNE"},"content":{"rendered":"<div class=\"wpb-content-wrapper\"><p>[vc_row][vc_column][vc_empty_space][\/vc_column][\/vc_row][vc_row full_width=\u00a0\u00bbstretch_row_content\u00a0\u00bb][vc_column width=\u00a0\u00bb1\/2&Prime; css=\u00a0\u00bb.vc_custom_1727805812339{border-right-width: 1px !important;border-right-style: solid !important;border-color: #2D506F4D !important;}\u00a0\u00bb][vc_column_text css=\u00a0\u00bb\u00a0\u00bb]Une <a href=\"https:\/\/areltrailer.com\/fr\/carrosserie-de-camion-benne\/\">carrosserie de camion benne<\/a> (\u00e9galement appel\u00e9e <a href=\"https:\/\/areltrailer.com\/fr\/carrosserie-de-camion-benne\/\">caisse de camion \u00e0 benne basculante<\/a>) est con\u00e7ue pour transporter et d\u00e9charger des mat\u00e9riaux en vrac comme le gravier, le sable ou les d\u00e9bris de construction. La carrosserie du camion peut \u00eatre configur\u00e9e de diff\u00e9rentes mani\u00e8res en fonction de l&rsquo;utilisation pr\u00e9vue et des exigences. Voici quelques sp\u00e9cifications typiques pour les carrosseries de camions bennes :<\/p>\n<p><strong>Sp\u00e9cifications g\u00e9n\u00e9rales :<\/strong><\/p>\n<ul>\n<li>Conception sur mesure<\/li>\n<li>Volume<\/li>\n<\/ul>\n<p>Pour les v\u00e9hicules \u00e0 2 essieux : 8 &#8211; 16 m\u00b3<\/p>\n<p>Pour les v\u00e9hicules \u00e0 3 essieux : 13 &#8211; 21 m\u00b3<\/p>\n<p>Pour les v\u00e9hicules \u00e0 4 essieux : 18 &#8211; 28 m\u00b3<\/p>\n<ul>\n<li>Mat\u00e9riau : HARDOX 450 &#8211; TUF 500, DOMEX S700MC, S355JR<\/li>\n<\/ul>\n<p><strong>Fond\/Parois lat\u00e9rales<\/strong><\/p>\n<p>T\u00f4le d&rsquo;usure import\u00e9e de 4\/3 mm &#8211; 12\/10 mm avec une duret\u00e9 de 400-450 Brinell.<\/p>\n<p><strong>Pi\u00e8ces hydrauliques<\/strong> Syst\u00e8me hydraulique certifi\u00e9 CE dans les v\u00e9hicules<\/p>\n<p><strong>Pompe<\/strong> Pompe \u00e0 engrenages \u00e0 double rotation de 35-90 l\/min<\/p>\n<p><strong>Pression des flexibles<\/strong> Les flexibles r\u00e9sistent \u00e0 une pression minimale de 280 bar, le flexible de retour \u00e0 un minimum de 88 bar<\/p>\n<p><strong>Levage de la benne<\/strong> V\u00e9rin t\u00e9lescopique avant, angle de levage minimum de 45\u00b0 et cylindre en acier haute r\u00e9sistance fabriqu\u00e9 en tube \u00e9tir\u00e9 \u00e0 froid r\u00e9sistant \u00e0 la force exerc\u00e9e sous cet angle.<\/p>\n<p><strong>Huile hydraulique<\/strong> Huile pour syst\u00e8me hydraulique conforme aux normes ISO-37<\/p>\n<p><strong>\u00a0<\/strong>[\/vc_column_text][\/vc_column][vc_column width=\u00a0\u00bb1\/2&Prime;][vc_row_inner][vc_column_inner width=\u00a0\u00bb1\/2&Prime;][vc_single_image image=\u00a0\u00bb2586&Prime; img_size=\u00a0\u00bbfull\u00a0\u00bb style=\u00a0\u00bbvc_box_rounded\u00a0\u00bb onclick=\u00a0\u00bblink_image\u00a0\u00bb css=\u00a0\u00bb\u00a0\u00bb][\/vc_column_inner][vc_column_inner width=\u00a0\u00bb1\/2&Prime;][vc_single_image image=\u00a0\u00bb2587&Prime; img_size=\u00a0\u00bbfull\u00a0\u00bb style=\u00a0\u00bbvc_box_rounded\u00a0\u00bb onclick=\u00a0\u00bblink_image\u00a0\u00bb css=\u00a0\u00bb\u00a0\u00bb][\/vc_column_inner][\/vc_row_inner][\/vc_column][vc_column width=\u00a0\u00bb1\/2&Prime;][vc_single_image image=\u00a0\u00bb2588&Prime; img_size=\u00a0\u00bbfull\u00a0\u00bb style=\u00a0\u00bbvc_box_rounded\u00a0\u00bb onclick=\u00a0\u00bblink_image\u00a0\u00bb css=\u00a0\u00bb\u00a0\u00bb][\/vc_column][\/vc_row][vc_row][vc_column][vc_empty_space][\/vc_column][\/vc_row]<\/p>\n<\/div>","protected":false},"excerpt":{"rendered":"<p>[vc_row][vc_column][vc_empty_space][\/vc_column][\/vc_row][vc_row full_width=\u00a0\u00bbstretch_row_content\u00a0\u00bb][vc_column width=\u00a0\u00bb1\/2&Prime; css=\u00a0\u00bb.vc_custom_1727805812339{border-right-width: 1px !important;border-right-style: solid !important;border-color: #2D506F4D !important;}\u00a0\u00bb][vc_column_text css=\u00a0\u00bb\u00a0\u00bb]Une carrosserie de camion benne (\u00e9galement appel\u00e9e caisse de camion \u00e0 benne basculante) est con\u00e7ue pour transporter et d\u00e9charger des mat\u00e9riaux en vrac comme le gravier, le sable ou les d\u00e9bris de construction. La carrosserie du camion peut \u00eatre configur\u00e9e de diff\u00e9rentes mani\u00e8res en fonction [&hellip;]<\/p>\n","protected":false},"author":1,"featured_media":0,"parent":0,"menu_order":0,"comment_status":"closed","ping_status":"closed","template":"","meta":{"footnotes":""},"class_list":["post-3797","page","type-page","status-publish","hentry"],"aioseo_notices":[],"_links":{"self":[{"href":"https:\/\/areltrailer.com\/fr\/wp-json\/wp\/v2\/pages\/3797","targetHints":{"allow":["GET"]}}],"collection":[{"href":"https:\/\/areltrailer.com\/fr\/wp-json\/wp\/v2\/pages"}],"about":[{"href":"https:\/\/areltrailer.com\/fr\/wp-json\/wp\/v2\/types\/page"}],"author":[{"embeddable":true,"href":"https:\/\/areltrailer.com\/fr\/wp-json\/wp\/v2\/users\/1"}],"replies":[{"embeddable":true,"href":"https:\/\/areltrailer.com\/fr\/wp-json\/wp\/v2\/comments?post=3797"}],"version-history":[{"count":0,"href":"https:\/\/areltrailer.com\/fr\/wp-json\/wp\/v2\/pages\/3797\/revisions"}],"wp:attachment":[{"href":"https:\/\/areltrailer.com\/fr\/wp-json\/wp\/v2\/media?parent=3797"}],"curies":[{"name":"wp","href":"https:\/\/api.w.org\/{rel}","templated":true}]}}