{"id":3802,"date":"2024-10-20T20:11:43","date_gmt":"2024-10-20T17:11:43","guid":{"rendered":"https:\/\/areltrailer.com\/remorque-silo-basculante-pour-vrac\/"},"modified":"2024-10-20T20:11:43","modified_gmt":"2024-10-20T17:11:43","slug":"remorque-silo-basculante-pour-vrac","status":"publish","type":"page","link":"https:\/\/areltrailer.com\/fr\/remorque-silo-basculante-pour-vrac\/","title":{"rendered":"REMORQUE SILO BASCULANTE POUR VRAC"},"content":{"rendered":"<div class=\"wpb-content-wrapper\"><p>[vc_row][vc_column][vc_empty_space][\/vc_column][\/vc_row][vc_row full_width=\u00a0\u00bbstretch_row_content\u00a0\u00bb][vc_column width=\u00a0\u00bb1\/2&Prime; css=\u00a0\u00bb.vc_custom_1727805812339{border-right-width: 1px !important;border-right-style: solid !important;border-color: #2D506F4D !important;}\u00a0\u00bb][vc_column_text css=\u00a0\u00bb\u00a0\u00bb]La <a href=\"https:\/\/areltrailer.com\/fr\/remorque-silo-basculante-pour-vrac\/\">Remorque Silo Basculante pour Vrac<\/a>, souvent utilis\u00e9e pour le transport de mat\u00e9riaux en vrac comme le gravier, le sable ou les produits agricoles, est disponible avec diverses sp\u00e9cifications. Voici quelques sp\u00e9cifications courantes \u00e0 prendre en compte :<\/p>\n<p><strong>Sp\u00e9cifications g\u00e9n\u00e9rales :<\/strong><\/p>\n<ul>\n<li>Conception sur mesure<\/li>\n<li>Volume : 40 &#8211; 87 m\u00b3<\/li>\n<li>V\u00e9rin de basculement hydraulique<\/li>\n<li>Fabrication avec des dimensions et un type sp\u00e9cifiques selon votre demande<\/li>\n<li>Options de compresseur \u00e0 moteur \u00e9lectrique ou diesel Deutz<\/li>\n<li>Fabrication avec diff\u00e9rentes capacit\u00e9s selon la demande du client<\/li>\n<\/ul>\n<p>&nbsp;<\/p>\n<p><strong>Cat\u00e9gorie<\/strong> : 4<\/p>\n<p><strong>Mat\u00e9riau<\/strong> : Acier au carbone &#8211; Alliage d&rsquo;aluminium<\/p>\n<p><strong>Mat\u00e9riaux transport\u00e9s<\/strong> : Farine, bore, soude, noir de carbone et autres mat\u00e9riaux granulaires alimentaires et miniers similaires<\/p>\n<p><strong>Temp\u00e9rature de fonctionnement<\/strong> : -40\u00b0C +80\u00b0C<\/p>\n<p><strong>Pression de service<\/strong> : 2 Bar<\/p>\n<p><strong>Pression d&rsquo;\u00e9preuve<\/strong> : 3 Bar<\/p>\n<ul>\n<li>Nombre d&rsquo;essieux : 2-3-4<\/li>\n<li>Marque des essieux : SAF &#8211; BPW &#8211; MPD -TRAX &#8211; OSMAN KOC &#8211; RELAX<\/li>\n<li>Capacit\u00e9 des essieux : 12 \u2013 14 \u2013 16 tonnes<\/li>\n<\/ul>\n<ul>\n<li>Roues : (385\/65R22,5) (12 R-22,5)<\/li>\n<li>Suspension : PNEUMATIQUE, M\u00c9CANIQUE<\/li>\n<li>Syst\u00e8mes de freinage : EBS ou ABS &#8212; WABCO &#8211; KNORR BREMSE &#8211; HALDEX<\/li>\n<li>Couleurs : Codes RAL \u00e0 la demande du client<\/li>\n<\/ul>\n<ul>\n<li>Syst\u00e8me \u00e9lectrique : Sa-Ba, Asp\u00f6ck<\/li>\n<\/ul>\n<p><strong>\u00a0<\/strong>[\/vc_column_text][\/vc_column][vc_column width=\u00a0\u00bb1\/2&Prime;][vc_row_inner][vc_column_inner width=\u00a0\u00bb1\/2&Prime;][vc_single_image image=\u00a0\u00bb2513&Prime; img_size=\u00a0\u00bbfull\u00a0\u00bb style=\u00a0\u00bbvc_box_rounded\u00a0\u00bb onclick=\u00a0\u00bblink_image\u00a0\u00bb css=\u00a0\u00bb\u00a0\u00bb][\/vc_column_inner][vc_column_inner width=\u00a0\u00bb1\/2&Prime;][vc_single_image image=\u00a0\u00bb2512&Prime; img_size=\u00a0\u00bbfull\u00a0\u00bb style=\u00a0\u00bbvc_box_rounded\u00a0\u00bb onclick=\u00a0\u00bblink_image\u00a0\u00bb css=\u00a0\u00bb\u00a0\u00bb][\/vc_column_inner][\/vc_row_inner][\/vc_column][vc_column width=\u00a0\u00bb1\/2&Prime;][vc_single_image image=\u00a0\u00bb2514&Prime; img_size=\u00a0\u00bbfull\u00a0\u00bb style=\u00a0\u00bbvc_box_rounded\u00a0\u00bb onclick=\u00a0\u00bblink_image\u00a0\u00bb css=\u00a0\u00bb\u00a0\u00bb][\/vc_column][\/vc_row][vc_row][vc_column][vc_empty_space][\/vc_column][\/vc_row]<\/p>\n<\/div>","protected":false},"excerpt":{"rendered":"<p>[vc_row][vc_column][vc_empty_space][\/vc_column][\/vc_row][vc_row full_width=\u00a0\u00bbstretch_row_content\u00a0\u00bb][vc_column width=\u00a0\u00bb1\/2&Prime; css=\u00a0\u00bb.vc_custom_1727805812339{border-right-width: 1px !important;border-right-style: solid !important;border-color: #2D506F4D !important;}\u00a0\u00bb][vc_column_text css=\u00a0\u00bb\u00a0\u00bb]La Remorque Silo Basculante pour Vrac, souvent utilis\u00e9e pour le transport de mat\u00e9riaux en vrac comme le gravier, le sable ou les produits agricoles, est disponible avec diverses sp\u00e9cifications. Voici quelques sp\u00e9cifications courantes \u00e0 prendre en compte : Sp\u00e9cifications g\u00e9n\u00e9rales : Conception sur mesure Volume [&hellip;]<\/p>\n","protected":false},"author":1,"featured_media":0,"parent":0,"menu_order":0,"comment_status":"closed","ping_status":"closed","template":"","meta":{"footnotes":""},"class_list":["post-3802","page","type-page","status-publish","hentry"],"aioseo_notices":[],"_links":{"self":[{"href":"https:\/\/areltrailer.com\/fr\/wp-json\/wp\/v2\/pages\/3802","targetHints":{"allow":["GET"]}}],"collection":[{"href":"https:\/\/areltrailer.com\/fr\/wp-json\/wp\/v2\/pages"}],"about":[{"href":"https:\/\/areltrailer.com\/fr\/wp-json\/wp\/v2\/types\/page"}],"author":[{"embeddable":true,"href":"https:\/\/areltrailer.com\/fr\/wp-json\/wp\/v2\/users\/1"}],"replies":[{"embeddable":true,"href":"https:\/\/areltrailer.com\/fr\/wp-json\/wp\/v2\/comments?post=3802"}],"version-history":[{"count":0,"href":"https:\/\/areltrailer.com\/fr\/wp-json\/wp\/v2\/pages\/3802\/revisions"}],"wp:attachment":[{"href":"https:\/\/areltrailer.com\/fr\/wp-json\/wp\/v2\/media?parent=3802"}],"curies":[{"name":"wp","href":"https:\/\/api.w.org\/{rel}","templated":true}]}}